{"id":1156,"date":"2021-04-07T02:18:39","date_gmt":"2021-04-07T02:18:39","guid":{"rendered":"http:\/\/atmosferasmuebles.com\/tienda\/?post_type=product&#038;p=1156"},"modified":"2026-01-25T03:35:16","modified_gmt":"2026-01-25T03:35:16","slug":"silla-lounge-coral","status":"publish","type":"product","link":"https:\/\/atmosferasmuebles.com\/tienda\/producto\/silla-lounge-coral\/","title":{"rendered":"Silla Lounge Coral"},"content":{"rendered":"<p>Silla Lounge Coral para exteriores es una fina colecci\u00f3n de muebles que realzar\u00e1 una habitaci\u00f3n en interior o exterior.<\/p>\n<p>Tejido a mano con material de fibra Viro\u00ae sobre un marco de aluminio con patas de madera de Ipe.<\/p>\n<p><strong>El tejido est\u00e1 disponible en 2 colores gris y crema y los cojines incluidos pueden seleccionarse entre una variedad de telas de la marca Sunbrella\u00ae l\u00edder en telas de exterior.<\/strong><\/p>\n","protected":false},"excerpt":{"rendered":"<p>Silla Lounge Coral para exteriores hecho de fibra Viro\u00ae tejido jacinto retorcido de color gris o crema se combina maravillosamente con el marr\u00f3n oscuro de Ipe en esta fina colecci\u00f3n de muebles respetuoso con el medio ambiente y resistente al tener un marco de aluminio de alta calidad.<\/p>\n<p>Los cojines son personalizados al poder escogerse entre una variedad de telas y colores.<\/p>\n","protected":false},"featured_media":1164,"comment_status":"closed","ping_status":"closed","template":"","meta":{"_joinchat":[]},"product_brand":[],"product_cat":[91,41,40,63,17,18],"product_tag":[],"accesorios":[],"coleccion":[205],"espacios":[213,212],"marca":[216],"material":[228,230],"class_list":{"0":"post-1156","1":"product","2":"type-product","3":"status-publish","4":"has-post-thumbnail","6":"product_cat-coleccion-coral","7":"product_cat-jensen-leisure","8":"product_cat-madera","9":"product_cat-mimbre-intemperie","10":"product_cat-muebles-de-exterior","11":"product_cat-tumbonas-y-camastros","12":"coleccion-coral","13":"espacios-alberca","14":"espacios-jardin","15":"marca-jensen","16":"material-madera","17":"material-mimbre","18":"sales-flash-overlay","19":"woocommerce-text-align-center","20":"woocommerce-image-align-center","21":"wc-has-gallery","23":"first","24":"instock","25":"shipping-taxable","26":"purchasable","27":"product-type-variable"},"_links":{"self":[{"href":"https:\/\/atmosferasmuebles.com\/tienda\/wp-json\/wp\/v2\/product\/1156","targetHints":{"allow":["GET"]}}],"collection":[{"href":"https:\/\/atmosferasmuebles.com\/tienda\/wp-json\/wp\/v2\/product"}],"about":[{"href":"https:\/\/atmosferasmuebles.com\/tienda\/wp-json\/wp\/v2\/types\/product"}],"replies":[{"embeddable":true,"href":"https:\/\/atmosferasmuebles.com\/tienda\/wp-json\/wp\/v2\/comments?post=1156"}],"version-history":[{"count":1,"href":"https:\/\/atmosferasmuebles.com\/tienda\/wp-json\/wp\/v2\/product\/1156\/revisions"}],"predecessor-version":[{"id":25225,"href":"https:\/\/atmosferasmuebles.com\/tienda\/wp-json\/wp\/v2\/product\/1156\/revisions\/25225"}],"wp:featuredmedia":[{"embeddable":true,"href":"https:\/\/atmosferasmuebles.com\/tienda\/wp-json\/wp\/v2\/media\/1164"}],"wp:attachment":[{"href":"https:\/\/atmosferasmuebles.com\/tienda\/wp-json\/wp\/v2\/media?parent=1156"}],"wp:term":[{"taxonomy":"product_brand","embeddable":true,"href":"https:\/\/atmosferasmuebles.com\/tienda\/wp-json\/wp\/v2\/product_brand?post=1156"},{"taxonomy":"product_cat","embeddable":true,"href":"https:\/\/atmosferasmuebles.com\/tienda\/wp-json\/wp\/v2\/product_cat?post=1156"},{"taxonomy":"product_tag","embeddable":true,"href":"https:\/\/atmosferasmuebles.com\/tienda\/wp-json\/wp\/v2\/product_tag?post=1156"},{"taxonomy":"accesorios","embeddable":true,"href":"https:\/\/atmosferasmuebles.com\/tienda\/wp-json\/wp\/v2\/accesorios?post=1156"},{"taxonomy":"coleccion","embeddable":true,"href":"https:\/\/atmosferasmuebles.com\/tienda\/wp-json\/wp\/v2\/coleccion?post=1156"},{"taxonomy":"espacios","embeddable":true,"href":"https:\/\/atmosferasmuebles.com\/tienda\/wp-json\/wp\/v2\/espacios?post=1156"},{"taxonomy":"marca","embeddable":true,"href":"https:\/\/atmosferasmuebles.com\/tienda\/wp-json\/wp\/v2\/marca?post=1156"},{"taxonomy":"material","embeddable":true,"href":"https:\/\/atmosferasmuebles.com\/tienda\/wp-json\/wp\/v2\/material?post=1156"}],"curies":[{"name":"wp","href":"https:\/\/api.w.org\/{rel}","templated":true}]}}