{"id":1152,"date":"2021-04-07T02:06:05","date_gmt":"2021-04-07T02:06:05","guid":{"rendered":"http:\/\/atmosferasmuebles.com\/tienda\/?post_type=product&#038;p=1152"},"modified":"2026-01-25T03:35:16","modified_gmt":"2026-01-25T03:35:16","slug":"silla-con-brazos-laguna","status":"publish","type":"product","link":"https:\/\/atmosferasmuebles.com\/tienda\/producto\/silla-con-brazos-laguna\/","title":{"rendered":"Silla con brazos Laguna"},"content":{"rendered":"<p>Silla o sill\u00f3n con brazos Laguna para exteriores es perfecta para ser utilizada c\u00f3modamente en un comedor.<\/p>\n<p>La silla est\u00e1 compuesta con un marco de robusta madera y listones finos de Ipe en el asiento y respaldo haci\u00e9ndolo un bello mueble que iluminar\u00e1 su exterior en los pr\u00f3ximos a\u00f1os.<\/p>\n<p>En caso de seleccionar la opci\u00f3n del coj\u00edn este podr\u00e1 elegirse entre una amplia gama de telas de la marca Sunbrella\u00ae reconocida por su durabilidad en exteriores.<\/p>\n<p><strong>Comb\u00ednala con cualquier mesa de comedor Ipe.<\/strong><\/p>\n","protected":false},"excerpt":{"rendered":"<p>Silla o sill\u00f3n con brazos Laguna para exteriores est\u00e1 fabricada en madera noble de Ipe que es la combinaci\u00f3n perfecta entre durabilidad y funcionalidad.<\/p>\n<p>La silla o sill\u00f3n adem\u00e1s de ser c\u00f3modo y tener descansabrazos tiene un estilo atemporal para un estilo moderno.<\/p>\n<p>Puedes elegirla con coj\u00edn o sin \u00e9l.<\/p>\n<p><strong>Comb\u00ednala con cualquier mesa de comedor Ipe.<\/strong><\/p>\n","protected":false},"featured_media":1149,"comment_status":"closed","ping_status":"closed","template":"","meta":{"_joinchat":[]},"product_brand":[],"product_cat":[87,61,41,40,17,60],"product_tag":[],"accesorios":[],"coleccion":[199],"espacios":[210],"marca":[216],"material":[228],"class_list":{"0":"post-1152","1":"product","2":"type-product","3":"status-publish","4":"has-post-thumbnail","6":"product_cat-coleccion-laguna","7":"product_cat-comedor","8":"product_cat-jensen-leisure","9":"product_cat-madera","10":"product_cat-muebles-de-exterior","11":"product_cat-sillas","12":"coleccion-laguna","13":"espacios-comedores","14":"marca-jensen","15":"material-madera","16":"sales-flash-overlay","17":"woocommerce-text-align-center","18":"woocommerce-image-align-center","19":"wc-has-gallery","21":"first","22":"instock","23":"shipping-taxable","24":"purchasable","25":"product-type-variable"},"_links":{"self":[{"href":"https:\/\/atmosferasmuebles.com\/tienda\/wp-json\/wp\/v2\/product\/1152","targetHints":{"allow":["GET"]}}],"collection":[{"href":"https:\/\/atmosferasmuebles.com\/tienda\/wp-json\/wp\/v2\/product"}],"about":[{"href":"https:\/\/atmosferasmuebles.com\/tienda\/wp-json\/wp\/v2\/types\/product"}],"replies":[{"embeddable":true,"href":"https:\/\/atmosferasmuebles.com\/tienda\/wp-json\/wp\/v2\/comments?post=1152"}],"version-history":[{"count":1,"href":"https:\/\/atmosferasmuebles.com\/tienda\/wp-json\/wp\/v2\/product\/1152\/revisions"}],"predecessor-version":[{"id":25226,"href":"https:\/\/atmosferasmuebles.com\/tienda\/wp-json\/wp\/v2\/product\/1152\/revisions\/25226"}],"wp:featuredmedia":[{"embeddable":true,"href":"https:\/\/atmosferasmuebles.com\/tienda\/wp-json\/wp\/v2\/media\/1149"}],"wp:attachment":[{"href":"https:\/\/atmosferasmuebles.com\/tienda\/wp-json\/wp\/v2\/media?parent=1152"}],"wp:term":[{"taxonomy":"product_brand","embeddable":true,"href":"https:\/\/atmosferasmuebles.com\/tienda\/wp-json\/wp\/v2\/product_brand?post=1152"},{"taxonomy":"product_cat","embeddable":true,"href":"https:\/\/atmosferasmuebles.com\/tienda\/wp-json\/wp\/v2\/product_cat?post=1152"},{"taxonomy":"product_tag","embeddable":true,"href":"https:\/\/atmosferasmuebles.com\/tienda\/wp-json\/wp\/v2\/product_tag?post=1152"},{"taxonomy":"accesorios","embeddable":true,"href":"https:\/\/atmosferasmuebles.com\/tienda\/wp-json\/wp\/v2\/accesorios?post=1152"},{"taxonomy":"coleccion","embeddable":true,"href":"https:\/\/atmosferasmuebles.com\/tienda\/wp-json\/wp\/v2\/coleccion?post=1152"},{"taxonomy":"espacios","embeddable":true,"href":"https:\/\/atmosferasmuebles.com\/tienda\/wp-json\/wp\/v2\/espacios?post=1152"},{"taxonomy":"marca","embeddable":true,"href":"https:\/\/atmosferasmuebles.com\/tienda\/wp-json\/wp\/v2\/marca?post=1152"},{"taxonomy":"material","embeddable":true,"href":"https:\/\/atmosferasmuebles.com\/tienda\/wp-json\/wp\/v2\/material?post=1152"}],"curies":[{"name":"wp","href":"https:\/\/api.w.org\/{rel}","templated":true}]}}