{"id":11267,"date":"2025-04-07T04:56:19","date_gmt":"2025-04-07T04:56:19","guid":{"rendered":"https:\/\/atmosferasmuebles.com\/tienda\/producto\/voxel-mesa\/"},"modified":"2026-04-29T08:30:48","modified_gmt":"2026-04-29T08:30:48","slug":"voxel-mesa","status":"publish","type":"product","link":"https:\/\/atmosferasmuebles.com\/tienda\/producto\/voxel-mesa\/","title":{"rendered":"Mesa Voxel"},"content":{"rendered":"<p>Color: Blanco. La mesa Voxel, dise\u00f1ada por Karim Rashid, es una declaraci\u00f3n de modernidad geom\u00e9trica. Con l\u00edneas angulares y acabado blanco brillante, esta mesa est\u00e1 fabricada en polietileno por rotomoldeo, lo que le otorga alta resistencia y ligereza. Su dise\u00f1o facetado combina perfectamente con la silla Voxel, creando un conjunto audaz para exteriores, comedores o espacios de dise\u00f1o futurista. Es robusta, f\u00e1cil de limpiar y visualmente impactante.<\/p>\n<p>Consulta el <span style=\"color: #ff9900\"><strong><a style=\"color: #ff9900\" href=\"https:\/\/atmosferasmuebles.com\/\/public_html\/wp-content\/uploads\/sites\/vondom\/Colors-vondom.pdf\" target=\"_blank\" rel=\"noopener\">Cat\u00e1logo de Acabados y Colores Vondom<\/a><\/strong><\/span>\u00a0<span class=\"_fadeIn_m1hgl_8\">para <\/span><span class=\"_fadeIn_m1hgl_8\">conocer <\/span><span class=\"_fadeIn_m1hgl_8\">la <\/span><span class=\"_fadeIn_m1hgl_8\">variedad <\/span><span class=\"_fadeIn_m1hgl_8\">de <\/span><span class=\"_fadeIn_m1hgl_8\">acabados <\/span><span class=\"_fadeIn_m1hgl_8\">y <\/span><span class=\"_fadeIn_m1hgl_8\">tonalidades <\/span><span class=\"_fadeIn_m1hgl_8\">disponibles.<\/span><\/p>\n<p data-start=\"721\" data-end=\"871\"><em data-start=\"721\" data-end=\"869\"><span class=\"_fadeIn_m1hgl_8\">La <\/span><span class=\"_fadeIn_m1hgl_8\">selecci\u00f3n <\/span><span class=\"_fadeIn_m1hgl_8\">de <\/span><span class=\"_fadeIn_m1hgl_8\">colores <\/span><span class=\"_fadeIn_m1hgl_8\">y <\/span><span class=\"_fadeIn_m1hgl_8\">texturas <\/span><span class=\"_fadeIn_m1hgl_8\">permite <\/span><span class=\"_fadeIn_m1hgl_8\">personalizar <\/span><span class=\"_fadeIn_m1hgl_8\">tu <\/span><span class=\"_fadeIn_m1hgl_8\">mueble <\/span><span class=\"_fadeIn_m1hgl_8\">con <\/span><span class=\"_fadeIn_m1hgl_8\">un <\/span><span class=\"_fadeIn_m1hgl_8\">estilo <\/span><span class=\"_fadeIn_m1hgl_8\">\u00fanico <\/span><span class=\"_fadeIn_m1hgl_8\">y <\/span><span class=\"_fadeIn_m1hgl_8\">adaptado <\/span><span class=\"_fadeIn_m1hgl_8\">a <\/span><span class=\"_fadeIn_m1hgl_8\">cualquier <\/span><span class=\"_fadeIn_m1hgl_8\">ambiente, <\/span><span class=\"_fadeIn_m1hgl_8\">ya <\/span><span class=\"_fadeIn_m1hgl_8\">sea <\/span><span class=\"_fadeIn_m1hgl_8\">interior <\/span><span class=\"_fadeIn_m1hgl_8\">o <\/span><span class=\"_fadeIn_m1hgl_8\">exterior.<\/span><\/em><\/p>\n<p>Todos los productos de vondom est\u00e1n disponibles para su venta sobre pedido con un tiempo de entrega de 90 a 120 d\u00edas. Algunos productos se encuentran disponibles para su entrega inmediata, favor de validar con nuestros agentes de Ventas o por WhatsApp.<\/p>\n","protected":false},"excerpt":{"rendered":"<p>Blanco<\/p>\n","protected":false},"featured_media":11388,"comment_status":"closed","ping_status":"closed","template":"","meta":{"_joinchat":[]},"product_brand":[],"product_cat":[1076,99,1173,26,2235,140],"product_tag":[],"accesorios":[],"coleccion":[1075],"espacios":[213,210,212,209],"marca":[215],"material":[],"class_list":{"0":"post-11267","1":"product","2":"type-product","3":"status-publish","4":"has-post-thumbnail","6":"product_cat-coleccion-voxel","7":"product_cat-comedores","8":"product_cat-mesa-comedor","9":"product_cat-mesas","10":"product_cat-textil","11":"product_cat-vondom","12":"coleccion-voxel","13":"espacios-alberca","14":"espacios-comedores","15":"espacios-jardin","16":"espacios-salas","17":"marca-vondom","18":"sales-flash-overlay","19":"woocommerce-text-align-center","20":"woocommerce-image-align-center","21":"wc-has-gallery","23":"first","24":"instock","25":"shipping-taxable","26":"purchasable","27":"product-type-simple"},"_links":{"self":[{"href":"https:\/\/atmosferasmuebles.com\/tienda\/wp-json\/wp\/v2\/product\/11267","targetHints":{"allow":["GET"]}}],"collection":[{"href":"https:\/\/atmosferasmuebles.com\/tienda\/wp-json\/wp\/v2\/product"}],"about":[{"href":"https:\/\/atmosferasmuebles.com\/tienda\/wp-json\/wp\/v2\/types\/product"}],"replies":[{"embeddable":true,"href":"https:\/\/atmosferasmuebles.com\/tienda\/wp-json\/wp\/v2\/comments?post=11267"}],"version-history":[{"count":6,"href":"https:\/\/atmosferasmuebles.com\/tienda\/wp-json\/wp\/v2\/product\/11267\/revisions"}],"predecessor-version":[{"id":17894,"href":"https:\/\/atmosferasmuebles.com\/tienda\/wp-json\/wp\/v2\/product\/11267\/revisions\/17894"}],"wp:featuredmedia":[{"embeddable":true,"href":"https:\/\/atmosferasmuebles.com\/tienda\/wp-json\/wp\/v2\/media\/11388"}],"wp:attachment":[{"href":"https:\/\/atmosferasmuebles.com\/tienda\/wp-json\/wp\/v2\/media?parent=11267"}],"wp:term":[{"taxonomy":"product_brand","embeddable":true,"href":"https:\/\/atmosferasmuebles.com\/tienda\/wp-json\/wp\/v2\/product_brand?post=11267"},{"taxonomy":"product_cat","embeddable":true,"href":"https:\/\/atmosferasmuebles.com\/tienda\/wp-json\/wp\/v2\/product_cat?post=11267"},{"taxonomy":"product_tag","embeddable":true,"href":"https:\/\/atmosferasmuebles.com\/tienda\/wp-json\/wp\/v2\/product_tag?post=11267"},{"taxonomy":"accesorios","embeddable":true,"href":"https:\/\/atmosferasmuebles.com\/tienda\/wp-json\/wp\/v2\/accesorios?post=11267"},{"taxonomy":"coleccion","embeddable":true,"href":"https:\/\/atmosferasmuebles.com\/tienda\/wp-json\/wp\/v2\/coleccion?post=11267"},{"taxonomy":"espacios","embeddable":true,"href":"https:\/\/atmosferasmuebles.com\/tienda\/wp-json\/wp\/v2\/espacios?post=11267"},{"taxonomy":"marca","embeddable":true,"href":"https:\/\/atmosferasmuebles.com\/tienda\/wp-json\/wp\/v2\/marca?post=11267"},{"taxonomy":"material","embeddable":true,"href":"https:\/\/atmosferasmuebles.com\/tienda\/wp-json\/wp\/v2\/material?post=11267"}],"curies":[{"name":"wp","href":"https:\/\/api.w.org\/{rel}","templated":true}]}}