{"id":11264,"date":"2025-04-07T04:56:18","date_gmt":"2025-04-07T04:56:18","guid":{"rendered":"https:\/\/atmosferasmuebles.com\/tienda\/producto\/suave-cojin-grande-60x60\/"},"modified":"2026-01-27T04:10:27","modified_gmt":"2026-01-27T04:10:27","slug":"suave-cojin-grande-60x60","status":"publish","type":"product","link":"https:\/\/atmosferasmuebles.com\/tienda\/producto\/suave-cojin-grande-60x60\/","title":{"rendered":"Suave Cojin Grande 60X60"},"content":{"rendered":"<p>Color: Tela Blue 1301. El coj\u00edn Suave 60&#215;60 en tela Blue 1301 es el complemento ideal para sof\u00e1s y sillones de exterior. Su tejido t\u00e9cnico est\u00e1 preparado para resistir la exposici\u00f3n solar, la humedad y el uso continuo, mientras que el relleno asegura una sensaci\u00f3n mullida y c\u00f3moda. El color azul profundo aporta serenidad y contraste, ideal para ambientes mediterr\u00e1neos o modernos. Este coj\u00edn no solo aporta confort, sino tambi\u00e9n estilo y cohesi\u00f3n visual a cualquier espacio de descanso.<\/p>\n<p>Consulta el <span style=\"color: #ff9900\"><strong><a style=\"color: #ff9900\" href=\"https:\/\/atmosferasmuebles.com\/\/public_html\/wp-content\/uploads\/sites\/vondom\/Colors-vondom.pdf\" target=\"_blank\" rel=\"noopener\">Cat\u00e1logo de Acabados y Colores Vondom<\/a><\/strong><\/span>\u00a0<span class=\"_fadeIn_m1hgl_8\">para <\/span><span class=\"_fadeIn_m1hgl_8\">conocer <\/span><span class=\"_fadeIn_m1hgl_8\">la <\/span><span class=\"_fadeIn_m1hgl_8\">variedad <\/span><span class=\"_fadeIn_m1hgl_8\">de <\/span><span class=\"_fadeIn_m1hgl_8\">acabados <\/span><span class=\"_fadeIn_m1hgl_8\">y <\/span><span class=\"_fadeIn_m1hgl_8\">tonalidades <\/span><span class=\"_fadeIn_m1hgl_8\">disponibles.<\/span><\/p>\n<p data-start=\"721\" data-end=\"871\"><em data-start=\"721\" data-end=\"869\"><span class=\"_fadeIn_m1hgl_8\">La <\/span><span class=\"_fadeIn_m1hgl_8\">selecci\u00f3n <\/span><span class=\"_fadeIn_m1hgl_8\">de <\/span><span class=\"_fadeIn_m1hgl_8\">colores <\/span><span class=\"_fadeIn_m1hgl_8\">y <\/span><span class=\"_fadeIn_m1hgl_8\">texturas <\/span><span class=\"_fadeIn_m1hgl_8\">permite <\/span><span class=\"_fadeIn_m1hgl_8\">personalizar <\/span><span class=\"_fadeIn_m1hgl_8\">tu <\/span><span class=\"_fadeIn_m1hgl_8\">mueble <\/span><span class=\"_fadeIn_m1hgl_8\">con <\/span><span class=\"_fadeIn_m1hgl_8\">un <\/span><span class=\"_fadeIn_m1hgl_8\">estilo <\/span><span class=\"_fadeIn_m1hgl_8\">\u00fanico <\/span><span class=\"_fadeIn_m1hgl_8\">y <\/span><span class=\"_fadeIn_m1hgl_8\">adaptado <\/span><span class=\"_fadeIn_m1hgl_8\">a <\/span><span class=\"_fadeIn_m1hgl_8\">cualquier <\/span><span class=\"_fadeIn_m1hgl_8\">ambiente, <\/span><span class=\"_fadeIn_m1hgl_8\">ya <\/span><span class=\"_fadeIn_m1hgl_8\">sea <\/span><span class=\"_fadeIn_m1hgl_8\">interior <\/span><span class=\"_fadeIn_m1hgl_8\">o <\/span><span class=\"_fadeIn_m1hgl_8\">exterior.<\/span><\/em><\/p>\n<p>Todos los productos de vondom est\u00e1n disponibles para su venta sobre pedido con un tiempo de entrega de 90 a 120 d\u00edas. Algunos productos se encuentran disponibles para su entrega inmediata, favor de validar con nuestros agentes de Ventas o por WhatsApp.<\/p>\n","protected":false},"excerpt":{"rendered":"<p>Tela Blue 1301<\/p>\n","protected":false},"featured_media":11420,"comment_status":"closed","ping_status":"closed","template":"","meta":{"_joinchat":[]},"product_brand":[],"product_cat":[895,140],"product_tag":[],"accesorios":[],"coleccion":[1043],"espacios":[],"marca":[215],"material":[],"class_list":{"0":"post-11264","1":"product","2":"type-product","3":"status-publish","4":"has-post-thumbnail","6":"product_cat-coleccion-suave","7":"product_cat-vondom","8":"coleccion-suave","9":"marca-vondom","10":"sales-flash-overlay","11":"woocommerce-text-align-center","12":"woocommerce-image-align-center","13":"wc-has-gallery","15":"first","16":"instock","17":"shipping-taxable","18":"purchasable","19":"product-type-simple"},"_links":{"self":[{"href":"https:\/\/atmosferasmuebles.com\/tienda\/wp-json\/wp\/v2\/product\/11264","targetHints":{"allow":["GET"]}}],"collection":[{"href":"https:\/\/atmosferasmuebles.com\/tienda\/wp-json\/wp\/v2\/product"}],"about":[{"href":"https:\/\/atmosferasmuebles.com\/tienda\/wp-json\/wp\/v2\/types\/product"}],"replies":[{"embeddable":true,"href":"https:\/\/atmosferasmuebles.com\/tienda\/wp-json\/wp\/v2\/comments?post=11264"}],"version-history":[{"count":5,"href":"https:\/\/atmosferasmuebles.com\/tienda\/wp-json\/wp\/v2\/product\/11264\/revisions"}],"predecessor-version":[{"id":13995,"href":"https:\/\/atmosferasmuebles.com\/tienda\/wp-json\/wp\/v2\/product\/11264\/revisions\/13995"}],"wp:featuredmedia":[{"embeddable":true,"href":"https:\/\/atmosferasmuebles.com\/tienda\/wp-json\/wp\/v2\/media\/11420"}],"wp:attachment":[{"href":"https:\/\/atmosferasmuebles.com\/tienda\/wp-json\/wp\/v2\/media?parent=11264"}],"wp:term":[{"taxonomy":"product_brand","embeddable":true,"href":"https:\/\/atmosferasmuebles.com\/tienda\/wp-json\/wp\/v2\/product_brand?post=11264"},{"taxonomy":"product_cat","embeddable":true,"href":"https:\/\/atmosferasmuebles.com\/tienda\/wp-json\/wp\/v2\/product_cat?post=11264"},{"taxonomy":"product_tag","embeddable":true,"href":"https:\/\/atmosferasmuebles.com\/tienda\/wp-json\/wp\/v2\/product_tag?post=11264"},{"taxonomy":"accesorios","embeddable":true,"href":"https:\/\/atmosferasmuebles.com\/tienda\/wp-json\/wp\/v2\/accesorios?post=11264"},{"taxonomy":"coleccion","embeddable":true,"href":"https:\/\/atmosferasmuebles.com\/tienda\/wp-json\/wp\/v2\/coleccion?post=11264"},{"taxonomy":"espacios","embeddable":true,"href":"https:\/\/atmosferasmuebles.com\/tienda\/wp-json\/wp\/v2\/espacios?post=11264"},{"taxonomy":"marca","embeddable":true,"href":"https:\/\/atmosferasmuebles.com\/tienda\/wp-json\/wp\/v2\/marca?post=11264"},{"taxonomy":"material","embeddable":true,"href":"https:\/\/atmosferasmuebles.com\/tienda\/wp-json\/wp\/v2\/material?post=11264"}],"curies":[{"name":"wp","href":"https:\/\/api.w.org\/{rel}","templated":true}]}}