{"id":11245,"date":"2025-04-07T04:56:15","date_gmt":"2025-04-07T04:56:15","guid":{"rendered":"https:\/\/atmosferasmuebles.com\/tienda\/producto\/gastby-base\/"},"modified":"2026-01-18T22:15:18","modified_gmt":"2026-01-18T22:15:18","slug":"gastby-base","status":"publish","type":"product","link":"https:\/\/atmosferasmuebles.com\/tienda\/producto\/gastby-base\/","title":{"rendered":"Gastby Base"},"content":{"rendered":"<p>Color: Taupe 1048 \/ 66103B Yule Brown. La base Gatsby, en elegante tono Taupe 1048 y tablero HPL 66103B Yule Brown, es un complemento funcional y decorativo dise\u00f1ado para aportar estilo a cualquier espacio. Su dise\u00f1o cil\u00edndrico y robusto est\u00e1 fabricado en polietileno de alta densidad, lo que garantiza resistencia al uso intensivo y a las condiciones clim\u00e1ticas adversas. Ideal para uso en hosteler\u00eda o terrazas modernas, esta base puede combinarse con distintos tableros, creando mesas auxiliares, de comedor o de apoyo. El acabado efecto m\u00e1rmol o madera del sobre aporta sofisticaci\u00f3n, mientras que la estructura mantiene la l\u00ednea moderna y esculpida de la colecci\u00f3n Gatsby. Su est\u00e9tica elegante y su funcionalidad la convierten en una pieza ideal para entornos de dise\u00f1o contempor\u00e1neo.<\/p>\n<p>Consulta el <span style=\"color: #ff9900\"><strong><a style=\"color: #ff9900\" href=\"https:\/\/atmosferasmuebles.com\/\/public_html\/wp-content\/uploads\/sites\/vondom\/Colors-vondom.pdf\" target=\"_blank\" rel=\"noopener\">Cat\u00e1logo de Acabados y Colores Vondom<\/a><\/strong><\/span>\u00a0<span class=\"_fadeIn_m1hgl_8\">para <\/span><span class=\"_fadeIn_m1hgl_8\">conocer <\/span><span class=\"_fadeIn_m1hgl_8\">la <\/span><span class=\"_fadeIn_m1hgl_8\">variedad <\/span><span class=\"_fadeIn_m1hgl_8\">de <\/span><span class=\"_fadeIn_m1hgl_8\">acabados <\/span><span class=\"_fadeIn_m1hgl_8\">y <\/span><span class=\"_fadeIn_m1hgl_8\">tonalidades <\/span><span class=\"_fadeIn_m1hgl_8\">disponibles.<\/span><\/p>\n<p data-start=\"721\" data-end=\"871\"><em data-start=\"721\" data-end=\"869\"><span class=\"_fadeIn_m1hgl_8\">La <\/span><span class=\"_fadeIn_m1hgl_8\">selecci\u00f3n <\/span><span class=\"_fadeIn_m1hgl_8\">de <\/span><span class=\"_fadeIn_m1hgl_8\">colores <\/span><span class=\"_fadeIn_m1hgl_8\">y <\/span><span class=\"_fadeIn_m1hgl_8\">texturas <\/span><span class=\"_fadeIn_m1hgl_8\">permite <\/span><span class=\"_fadeIn_m1hgl_8\">personalizar <\/span><span class=\"_fadeIn_m1hgl_8\">tu <\/span><span class=\"_fadeIn_m1hgl_8\">mueble <\/span><span class=\"_fadeIn_m1hgl_8\">con <\/span><span class=\"_fadeIn_m1hgl_8\">un <\/span><span class=\"_fadeIn_m1hgl_8\">estilo <\/span><span class=\"_fadeIn_m1hgl_8\">\u00fanico <\/span><span class=\"_fadeIn_m1hgl_8\">y <\/span><span class=\"_fadeIn_m1hgl_8\">adaptado <\/span><span class=\"_fadeIn_m1hgl_8\">a <\/span><span class=\"_fadeIn_m1hgl_8\">cualquier <\/span><span class=\"_fadeIn_m1hgl_8\">ambiente, <\/span><span class=\"_fadeIn_m1hgl_8\">ya <\/span><span class=\"_fadeIn_m1hgl_8\">sea <\/span><span class=\"_fadeIn_m1hgl_8\">interior <\/span><span class=\"_fadeIn_m1hgl_8\">o <\/span><span class=\"_fadeIn_m1hgl_8\">exterior.<\/span><\/em><\/p>\n<p>Todos los productos de vondom est\u00e1n disponibles para su venta sobre pedido con un tiempo de entrega de 90 a 120 d\u00edas. Algunos productos se encuentran disponibles para su entrega inmediata, favor de validar con nuestros agentes de Ventas o por WhatsApp.<\/p>\n","protected":false},"excerpt":{"rendered":"<p>Taupe 1048 \/ 66103B Yule Brown<\/p>\n","protected":false},"featured_media":11484,"comment_status":"closed","ping_status":"closed","template":"","meta":{"_joinchat":[]},"product_brand":[],"product_cat":[892,1173,140],"product_tag":[],"accesorios":[],"coleccion":[1035],"espacios":[213,210,212,209],"marca":[215],"material":[],"class_list":{"0":"post-11245","1":"product","2":"type-product","3":"status-publish","4":"has-post-thumbnail","6":"product_cat-coleccion-gatsby","7":"product_cat-mesa-comedor","8":"product_cat-vondom","9":"coleccion-gatsby","10":"espacios-alberca","11":"espacios-comedores","12":"espacios-jardin","13":"espacios-salas","14":"marca-vondom","15":"sales-flash-overlay","16":"woocommerce-text-align-center","17":"woocommerce-image-align-center","18":"wc-has-gallery","20":"first","21":"instock","22":"shipping-taxable","23":"purchasable","24":"product-type-simple"},"_links":{"self":[{"href":"https:\/\/atmosferasmuebles.com\/tienda\/wp-json\/wp\/v2\/product\/11245","targetHints":{"allow":["GET"]}}],"collection":[{"href":"https:\/\/atmosferasmuebles.com\/tienda\/wp-json\/wp\/v2\/product"}],"about":[{"href":"https:\/\/atmosferasmuebles.com\/tienda\/wp-json\/wp\/v2\/types\/product"}],"replies":[{"embeddable":true,"href":"https:\/\/atmosferasmuebles.com\/tienda\/wp-json\/wp\/v2\/comments?post=11245"}],"version-history":[{"count":5,"href":"https:\/\/atmosferasmuebles.com\/tienda\/wp-json\/wp\/v2\/product\/11245\/revisions"}],"predecessor-version":[{"id":13976,"href":"https:\/\/atmosferasmuebles.com\/tienda\/wp-json\/wp\/v2\/product\/11245\/revisions\/13976"}],"wp:featuredmedia":[{"embeddable":true,"href":"https:\/\/atmosferasmuebles.com\/tienda\/wp-json\/wp\/v2\/media\/11484"}],"wp:attachment":[{"href":"https:\/\/atmosferasmuebles.com\/tienda\/wp-json\/wp\/v2\/media?parent=11245"}],"wp:term":[{"taxonomy":"product_brand","embeddable":true,"href":"https:\/\/atmosferasmuebles.com\/tienda\/wp-json\/wp\/v2\/product_brand?post=11245"},{"taxonomy":"product_cat","embeddable":true,"href":"https:\/\/atmosferasmuebles.com\/tienda\/wp-json\/wp\/v2\/product_cat?post=11245"},{"taxonomy":"product_tag","embeddable":true,"href":"https:\/\/atmosferasmuebles.com\/tienda\/wp-json\/wp\/v2\/product_tag?post=11245"},{"taxonomy":"accesorios","embeddable":true,"href":"https:\/\/atmosferasmuebles.com\/tienda\/wp-json\/wp\/v2\/accesorios?post=11245"},{"taxonomy":"coleccion","embeddable":true,"href":"https:\/\/atmosferasmuebles.com\/tienda\/wp-json\/wp\/v2\/coleccion?post=11245"},{"taxonomy":"espacios","embeddable":true,"href":"https:\/\/atmosferasmuebles.com\/tienda\/wp-json\/wp\/v2\/espacios?post=11245"},{"taxonomy":"marca","embeddable":true,"href":"https:\/\/atmosferasmuebles.com\/tienda\/wp-json\/wp\/v2\/marca?post=11245"},{"taxonomy":"material","embeddable":true,"href":"https:\/\/atmosferasmuebles.com\/tienda\/wp-json\/wp\/v2\/material?post=11245"}],"curies":[{"name":"wp","href":"https:\/\/api.w.org\/{rel}","templated":true}]}}