{"id":11025,"date":"2025-03-17T18:34:13","date_gmt":"2025-03-17T18:34:13","guid":{"rendered":"https:\/\/atmosferasmuebles.com\/tienda\/?post_type=product&#038;p=11025"},"modified":"2026-01-26T05:52:12","modified_gmt":"2026-01-26T05:52:12","slug":"sillon-lounge-breeze-2","status":"publish","type":"product","link":"https:\/\/atmosferasmuebles.com\/tienda\/producto\/sillon-lounge-breeze-2\/","title":{"rendered":"Silla Lounge Breeze"},"content":{"rendered":"<p>Sill\u00f3n Lounge Breeze creado por los dise\u00f1adores daneses Strand + Hvass. Fabricado con materiales resistentes a la intemperie.<\/p>\n<p>Incluye coj\u00edn en azul turquesa.<\/p>\n<p>La silla creada con el hermoso y transparente Cane-line Weave\u00ae y combinado con las modernas patas del sill\u00f3n pueden estar al aire libre todo el a\u00f1o garantizando larga vida \u00fatil con un m\u00ednimo mantenimiento y limpieza.<\/p>\n<p>Complementa tu sill\u00f3n con los cojines confeccionado en tejido Natt\u00e9 ultrasuave y c\u00f3modo, adem\u00e1s de las otras opciones que encontraras en la colecci\u00f3n Breeze.<\/p>\n","protected":false},"excerpt":{"rendered":"<p>Sill\u00f3n Lounge Breeze con un dise\u00f1o atemporal y moderno. El sill\u00f3n es extremadamente c\u00f3modo y te invita a relajarte en el jard\u00edn.<\/p>\n<p>Incluye coj\u00edn en azul turquesa.<\/p>\n<p>Fabricado con Cane-line Weave\u00ae, lo que significa que no se decolora y se puede dejar al aire libre todo el a\u00f1o con un mantenimiento y limpieza m\u00ednima.<\/p>\n<p>Al sill\u00f3n se le puede a\u00f1adir cojines resistentes al exterior, disponibles en 6 colores distintos.<\/p>\n<p>Complementa tu espacio con los dem\u00e1s elementos de la colecci\u00f3n Breeze.<\/p>\n","protected":false},"featured_media":11668,"comment_status":"open","ping_status":"closed","template":"","meta":{"_joinchat":[]},"product_brand":[],"product_cat":[278,290,61,23,63,17,878,98],"product_tag":[],"accesorios":[],"coleccion":[292],"espacios":[210,209],"marca":[219],"material":[231,230,233],"class_list":{"0":"post-11025","1":"product","2":"type-product","3":"status-publish","4":"has-post-thumbnail","6":"product_cat-cane-line","7":"product_cat-coleccion-breeze","8":"product_cat-comedor","9":"product_cat-metal","10":"product_cat-mimbre-intemperie","11":"product_cat-muebles-de-exterior","12":"product_cat-ofertas","13":"product_cat-salas","14":"coleccion-breeze","15":"espacios-comedores","16":"espacios-salas","17":"marca-cane-line","18":"material-acero","19":"material-mimbre","20":"material-textil","21":"sales-flash-overlay","22":"woocommerce-text-align-center","23":"woocommerce-image-align-center","24":"wc-has-gallery","26":"first","27":"instock","28":"sale","29":"shipping-taxable","30":"purchasable","31":"product-type-variable"},"_links":{"self":[{"href":"https:\/\/atmosferasmuebles.com\/tienda\/wp-json\/wp\/v2\/product\/11025","targetHints":{"allow":["GET"]}}],"collection":[{"href":"https:\/\/atmosferasmuebles.com\/tienda\/wp-json\/wp\/v2\/product"}],"about":[{"href":"https:\/\/atmosferasmuebles.com\/tienda\/wp-json\/wp\/v2\/types\/product"}],"replies":[{"embeddable":true,"href":"https:\/\/atmosferasmuebles.com\/tienda\/wp-json\/wp\/v2\/comments?post=11025"}],"version-history":[{"count":5,"href":"https:\/\/atmosferasmuebles.com\/tienda\/wp-json\/wp\/v2\/product\/11025\/revisions"}],"predecessor-version":[{"id":11672,"href":"https:\/\/atmosferasmuebles.com\/tienda\/wp-json\/wp\/v2\/product\/11025\/revisions\/11672"}],"wp:featuredmedia":[{"embeddable":true,"href":"https:\/\/atmosferasmuebles.com\/tienda\/wp-json\/wp\/v2\/media\/11668"}],"wp:attachment":[{"href":"https:\/\/atmosferasmuebles.com\/tienda\/wp-json\/wp\/v2\/media?parent=11025"}],"wp:term":[{"taxonomy":"product_brand","embeddable":true,"href":"https:\/\/atmosferasmuebles.com\/tienda\/wp-json\/wp\/v2\/product_brand?post=11025"},{"taxonomy":"product_cat","embeddable":true,"href":"https:\/\/atmosferasmuebles.com\/tienda\/wp-json\/wp\/v2\/product_cat?post=11025"},{"taxonomy":"product_tag","embeddable":true,"href":"https:\/\/atmosferasmuebles.com\/tienda\/wp-json\/wp\/v2\/product_tag?post=11025"},{"taxonomy":"accesorios","embeddable":true,"href":"https:\/\/atmosferasmuebles.com\/tienda\/wp-json\/wp\/v2\/accesorios?post=11025"},{"taxonomy":"coleccion","embeddable":true,"href":"https:\/\/atmosferasmuebles.com\/tienda\/wp-json\/wp\/v2\/coleccion?post=11025"},{"taxonomy":"espacios","embeddable":true,"href":"https:\/\/atmosferasmuebles.com\/tienda\/wp-json\/wp\/v2\/espacios?post=11025"},{"taxonomy":"marca","embeddable":true,"href":"https:\/\/atmosferasmuebles.com\/tienda\/wp-json\/wp\/v2\/marca?post=11025"},{"taxonomy":"material","embeddable":true,"href":"https:\/\/atmosferasmuebles.com\/tienda\/wp-json\/wp\/v2\/material?post=11025"}],"curies":[{"name":"wp","href":"https:\/\/api.w.org\/{rel}","templated":true}]}}