{"id":1099,"date":"2021-04-07T00:42:17","date_gmt":"2021-04-07T00:42:17","guid":{"rendered":"http:\/\/atmosferasmuebles.com\/tienda\/?post_type=product&#038;p=1099"},"modified":"2026-01-25T03:35:17","modified_gmt":"2026-01-25T03:35:17","slug":"silla-atlantic","status":"publish","type":"product","link":"https:\/\/atmosferasmuebles.com\/tienda\/producto\/silla-atlantic\/","title":{"rendered":"Silla Atlantic"},"content":{"rendered":"<p>Silla o sill\u00f3n Atlantic para exteriores tiene un dise\u00f1o inspirado en la herencia del mobiliario de los grandes transatl\u00e1nticos reales.<\/p>\n<p>Est\u00e1 fabricado en madera Ipe apreciada por su belleza y durabilidad en cualquier entorno.<\/p>\n<p>Los sorprendentemente hermosos tonos marr\u00f3n chocolate de madera Ipe realzan cualquier decoraci\u00f3n y dan un estilo atemporal.<\/p>\n<p>&nbsp;<\/p>\n<p><strong>Combina bien con el reposapi\u00e9s Atlantic.<\/strong><\/p>\n","protected":false},"excerpt":{"rendered":"<p>Silla o sill\u00f3n Ipe Atlantic para exteriores su dise\u00f1o est\u00e1 inspirado en la herencia del mobiliario de los grandes transatl\u00e1nticos reales.<\/p>\n<p>Est\u00e1 compuesta con un marco de robusta madera y listones finos de Ipe en el asiento y respaldo haci\u00e9ndolo un bello mueble que iluminar\u00e1 su exterior en los pr\u00f3ximos a\u00f1os.<\/p>\n","protected":false},"featured_media":1097,"comment_status":"closed","ping_status":"closed","template":"","meta":{"_joinchat":[]},"product_brand":[],"product_cat":[41,40,17,98,60],"product_tag":[],"accesorios":[],"coleccion":[],"espacios":[213,212],"marca":[216],"material":[228],"class_list":{"0":"post-1099","1":"product","2":"type-product","3":"status-publish","4":"has-post-thumbnail","6":"product_cat-jensen-leisure","7":"product_cat-madera","8":"product_cat-muebles-de-exterior","9":"product_cat-salas","10":"product_cat-sillas","11":"espacios-alberca","12":"espacios-jardin","13":"marca-jensen","14":"material-madera","15":"sales-flash-overlay","16":"woocommerce-text-align-center","17":"woocommerce-image-align-center","18":"wc-has-gallery","20":"first","21":"instock","22":"shipping-taxable","23":"purchasable","24":"product-type-simple"},"_links":{"self":[{"href":"https:\/\/atmosferasmuebles.com\/tienda\/wp-json\/wp\/v2\/product\/1099","targetHints":{"allow":["GET"]}}],"collection":[{"href":"https:\/\/atmosferasmuebles.com\/tienda\/wp-json\/wp\/v2\/product"}],"about":[{"href":"https:\/\/atmosferasmuebles.com\/tienda\/wp-json\/wp\/v2\/types\/product"}],"replies":[{"embeddable":true,"href":"https:\/\/atmosferasmuebles.com\/tienda\/wp-json\/wp\/v2\/comments?post=1099"}],"version-history":[{"count":1,"href":"https:\/\/atmosferasmuebles.com\/tienda\/wp-json\/wp\/v2\/product\/1099\/revisions"}],"predecessor-version":[{"id":25233,"href":"https:\/\/atmosferasmuebles.com\/tienda\/wp-json\/wp\/v2\/product\/1099\/revisions\/25233"}],"wp:featuredmedia":[{"embeddable":true,"href":"https:\/\/atmosferasmuebles.com\/tienda\/wp-json\/wp\/v2\/media\/1097"}],"wp:attachment":[{"href":"https:\/\/atmosferasmuebles.com\/tienda\/wp-json\/wp\/v2\/media?parent=1099"}],"wp:term":[{"taxonomy":"product_brand","embeddable":true,"href":"https:\/\/atmosferasmuebles.com\/tienda\/wp-json\/wp\/v2\/product_brand?post=1099"},{"taxonomy":"product_cat","embeddable":true,"href":"https:\/\/atmosferasmuebles.com\/tienda\/wp-json\/wp\/v2\/product_cat?post=1099"},{"taxonomy":"product_tag","embeddable":true,"href":"https:\/\/atmosferasmuebles.com\/tienda\/wp-json\/wp\/v2\/product_tag?post=1099"},{"taxonomy":"accesorios","embeddable":true,"href":"https:\/\/atmosferasmuebles.com\/tienda\/wp-json\/wp\/v2\/accesorios?post=1099"},{"taxonomy":"coleccion","embeddable":true,"href":"https:\/\/atmosferasmuebles.com\/tienda\/wp-json\/wp\/v2\/coleccion?post=1099"},{"taxonomy":"espacios","embeddable":true,"href":"https:\/\/atmosferasmuebles.com\/tienda\/wp-json\/wp\/v2\/espacios?post=1099"},{"taxonomy":"marca","embeddable":true,"href":"https:\/\/atmosferasmuebles.com\/tienda\/wp-json\/wp\/v2\/marca?post=1099"},{"taxonomy":"material","embeddable":true,"href":"https:\/\/atmosferasmuebles.com\/tienda\/wp-json\/wp\/v2\/material?post=1099"}],"curies":[{"name":"wp","href":"https:\/\/api.w.org\/{rel}","templated":true}]}}