{"id":1080,"date":"2021-04-07T00:23:39","date_gmt":"2021-04-07T00:23:39","guid":{"rendered":"http:\/\/atmosferasmuebles.com\/tienda\/?post_type=product&#038;p=1080"},"modified":"2026-01-25T03:35:18","modified_gmt":"2026-01-25T03:35:18","slug":"reposapies-adirondack","status":"publish","type":"product","link":"https:\/\/atmosferasmuebles.com\/tienda\/producto\/reposapies-adirondack\/","title":{"rendered":"Reposapi\u00e9s Adirondack"},"content":{"rendered":"<p>Reposapi\u00e9s Adirondack para exteriores es parte de la colecci\u00f3n Classic Ipe que cuenta con un dise\u00f1o al estilo caba\u00f1a tradicional.<\/p>\n<p>Fabricado en madera Ipe apreciada por su belleza y durabilidad en cualquier entorno.<\/p>\n<p>Los sorprendentemente hermosos tonos marr\u00f3n chocolate de madera Ipe realzan cualquier decoraci\u00f3n con un estilo atemporal.<\/p>\n","protected":false},"excerpt":{"rendered":"<p>Reposapi\u00e9s Adirondack para exteriores esta hecho en madera dura de Ipe marr\u00f3n oscuro acent\u00faa la experiencia cl\u00e1sica de de este material.<\/p>\n<p><strong>Combina bien con la silla Adirondack.<\/strong><\/p>\n","protected":false},"featured_media":1082,"comment_status":"closed","ping_status":"closed","template":"","meta":{"_joinchat":[]},"product_brand":[],"product_cat":[41,40,17,1642,22],"product_tag":[],"accesorios":[],"coleccion":[],"espacios":[213,1466,212,211,209],"marca":[216],"material":[228],"class_list":{"0":"post-1080","1":"product","2":"type-product","3":"status-publish","4":"has-post-thumbnail","6":"product_cat-jensen-leisure","7":"product_cat-madera","8":"product_cat-muebles-de-exterior","9":"product_cat-reposapies","10":"product_cat-sillones","11":"espacios-alberca","12":"espacios-estancia","13":"espacios-jardin","14":"espacios-recamaras","15":"espacios-salas","16":"marca-jensen","17":"material-madera","18":"sales-flash-overlay","19":"woocommerce-text-align-center","20":"woocommerce-image-align-center","21":"wc-has-gallery","23":"first","24":"instock","25":"shipping-taxable","26":"purchasable","27":"product-type-simple"},"_links":{"self":[{"href":"https:\/\/atmosferasmuebles.com\/tienda\/wp-json\/wp\/v2\/product\/1080","targetHints":{"allow":["GET"]}}],"collection":[{"href":"https:\/\/atmosferasmuebles.com\/tienda\/wp-json\/wp\/v2\/product"}],"about":[{"href":"https:\/\/atmosferasmuebles.com\/tienda\/wp-json\/wp\/v2\/types\/product"}],"replies":[{"embeddable":true,"href":"https:\/\/atmosferasmuebles.com\/tienda\/wp-json\/wp\/v2\/comments?post=1080"}],"version-history":[{"count":1,"href":"https:\/\/atmosferasmuebles.com\/tienda\/wp-json\/wp\/v2\/product\/1080\/revisions"}],"predecessor-version":[{"id":25011,"href":"https:\/\/atmosferasmuebles.com\/tienda\/wp-json\/wp\/v2\/product\/1080\/revisions\/25011"}],"wp:featuredmedia":[{"embeddable":true,"href":"https:\/\/atmosferasmuebles.com\/tienda\/wp-json\/wp\/v2\/media\/1082"}],"wp:attachment":[{"href":"https:\/\/atmosferasmuebles.com\/tienda\/wp-json\/wp\/v2\/media?parent=1080"}],"wp:term":[{"taxonomy":"product_brand","embeddable":true,"href":"https:\/\/atmosferasmuebles.com\/tienda\/wp-json\/wp\/v2\/product_brand?post=1080"},{"taxonomy":"product_cat","embeddable":true,"href":"https:\/\/atmosferasmuebles.com\/tienda\/wp-json\/wp\/v2\/product_cat?post=1080"},{"taxonomy":"product_tag","embeddable":true,"href":"https:\/\/atmosferasmuebles.com\/tienda\/wp-json\/wp\/v2\/product_tag?post=1080"},{"taxonomy":"accesorios","embeddable":true,"href":"https:\/\/atmosferasmuebles.com\/tienda\/wp-json\/wp\/v2\/accesorios?post=1080"},{"taxonomy":"coleccion","embeddable":true,"href":"https:\/\/atmosferasmuebles.com\/tienda\/wp-json\/wp\/v2\/coleccion?post=1080"},{"taxonomy":"espacios","embeddable":true,"href":"https:\/\/atmosferasmuebles.com\/tienda\/wp-json\/wp\/v2\/espacios?post=1080"},{"taxonomy":"marca","embeddable":true,"href":"https:\/\/atmosferasmuebles.com\/tienda\/wp-json\/wp\/v2\/marca?post=1080"},{"taxonomy":"material","embeddable":true,"href":"https:\/\/atmosferasmuebles.com\/tienda\/wp-json\/wp\/v2\/material?post=1080"}],"curies":[{"name":"wp","href":"https:\/\/api.w.org\/{rel}","templated":true}]}}