{"id":1077,"date":"2021-04-07T00:18:01","date_gmt":"2021-04-07T00:18:01","guid":{"rendered":"http:\/\/atmosferasmuebles.com\/tienda\/?post_type=product&#038;p=1077"},"modified":"2026-01-25T03:35:18","modified_gmt":"2026-01-25T03:35:18","slug":"ottoman-opal","status":"publish","type":"product","link":"https:\/\/atmosferasmuebles.com\/tienda\/producto\/ottoman-opal\/","title":{"rendered":"Ottoman Opal"},"content":{"rendered":"<p>Ottoman Opal para exteriores fabricado en madera de IPE, la joya de la corona de las maderas es apreciada por su belleza y durabilidad en cualquier entorno.<\/p>\n<p>El coj\u00edn confeccionado en tela Sunbrella\u00ae l\u00edder a nivel mundial en telas de exterior y pioneros en la creaci\u00f3n de telas resistentes al agua, sol y lluvia. Su composici\u00f3n es 100% acr\u00edlica resistente al cambio de color y manchas.<\/p>\n<p><strong>Encuentra los dem\u00e1s m\u00f3dulos de la colecci\u00f3n para completar el dise\u00f1o de tu espacio.<\/strong><\/p>\n","protected":false},"excerpt":{"rendered":"<p>Ottoman Opal para exteriores es el complemento perfecto ya que puedes utilizarlo sin coj\u00edn d\u00e1ndole la funci\u00f3n de mesa o con coj\u00edn convirti\u00e9ndolo en un asiento m\u00e1s para tu sala.<\/p>\n<p>El Ottomano este fabricado en madera ipe, una madera apreciada por su belleza y durabilidad en cualquier entorno y si coj\u00edn es de tela Sunbrella\u00ae que es reconocida como la mejor tela para exteriores ya que no pierde su color y adem\u00e1s es resistente al agua, polvo y su limpieza es muy sencilla.<\/p>\n<p>Incluye los cojines y estos pueden seleccionarse entre una variedad de telas de la marca Sunbrella\u00ae l\u00edder en telas de exterior.<\/p>\n","protected":false},"featured_media":1078,"comment_status":"open","ping_status":"closed","template":"","meta":{"_joinchat":[]},"product_brand":[],"product_cat":[88,41,40,17,1625,98,22],"product_tag":[],"accesorios":[],"coleccion":[197],"espacios":[213,1466,212,211,209],"marca":[216],"material":[228],"class_list":{"0":"post-1077","1":"product","2":"type-product","3":"status-publish","4":"has-post-thumbnail","6":"product_cat-coleccion-opal","7":"product_cat-jensen-leisure","8":"product_cat-madera","9":"product_cat-muebles-de-exterior","10":"product_cat-ottoman","11":"product_cat-salas","12":"product_cat-sillones","13":"coleccion-opal","14":"espacios-alberca","15":"espacios-estancia","16":"espacios-jardin","17":"espacios-recamaras","18":"espacios-salas","19":"marca-jensen","20":"material-madera","21":"sales-flash-overlay","22":"woocommerce-text-align-center","23":"woocommerce-image-align-center","25":"first","26":"instock","27":"shipping-taxable","28":"purchasable","29":"product-type-simple"},"_links":{"self":[{"href":"https:\/\/atmosferasmuebles.com\/tienda\/wp-json\/wp\/v2\/product\/1077","targetHints":{"allow":["GET"]}}],"collection":[{"href":"https:\/\/atmosferasmuebles.com\/tienda\/wp-json\/wp\/v2\/product"}],"about":[{"href":"https:\/\/atmosferasmuebles.com\/tienda\/wp-json\/wp\/v2\/types\/product"}],"replies":[{"embeddable":true,"href":"https:\/\/atmosferasmuebles.com\/tienda\/wp-json\/wp\/v2\/comments?post=1077"}],"version-history":[{"count":1,"href":"https:\/\/atmosferasmuebles.com\/tienda\/wp-json\/wp\/v2\/product\/1077\/revisions"}],"predecessor-version":[{"id":25009,"href":"https:\/\/atmosferasmuebles.com\/tienda\/wp-json\/wp\/v2\/product\/1077\/revisions\/25009"}],"wp:featuredmedia":[{"embeddable":true,"href":"https:\/\/atmosferasmuebles.com\/tienda\/wp-json\/wp\/v2\/media\/1078"}],"wp:attachment":[{"href":"https:\/\/atmosferasmuebles.com\/tienda\/wp-json\/wp\/v2\/media?parent=1077"}],"wp:term":[{"taxonomy":"product_brand","embeddable":true,"href":"https:\/\/atmosferasmuebles.com\/tienda\/wp-json\/wp\/v2\/product_brand?post=1077"},{"taxonomy":"product_cat","embeddable":true,"href":"https:\/\/atmosferasmuebles.com\/tienda\/wp-json\/wp\/v2\/product_cat?post=1077"},{"taxonomy":"product_tag","embeddable":true,"href":"https:\/\/atmosferasmuebles.com\/tienda\/wp-json\/wp\/v2\/product_tag?post=1077"},{"taxonomy":"accesorios","embeddable":true,"href":"https:\/\/atmosferasmuebles.com\/tienda\/wp-json\/wp\/v2\/accesorios?post=1077"},{"taxonomy":"coleccion","embeddable":true,"href":"https:\/\/atmosferasmuebles.com\/tienda\/wp-json\/wp\/v2\/coleccion?post=1077"},{"taxonomy":"espacios","embeddable":true,"href":"https:\/\/atmosferasmuebles.com\/tienda\/wp-json\/wp\/v2\/espacios?post=1077"},{"taxonomy":"marca","embeddable":true,"href":"https:\/\/atmosferasmuebles.com\/tienda\/wp-json\/wp\/v2\/marca?post=1077"},{"taxonomy":"material","embeddable":true,"href":"https:\/\/atmosferasmuebles.com\/tienda\/wp-json\/wp\/v2\/material?post=1077"}],"curies":[{"name":"wp","href":"https:\/\/api.w.org\/{rel}","templated":true}]}}