{"id":10595,"date":"2023-11-23T01:28:37","date_gmt":"2023-11-23T01:28:37","guid":{"rendered":"https:\/\/atmosferasmuebles.com\/tienda\/?post_type=product&#038;p=10595"},"modified":"2026-03-09T23:12:30","modified_gmt":"2026-03-09T23:12:30","slug":"banco-funcional-verona","status":"publish","type":"product","link":"https:\/\/atmosferasmuebles.com\/tienda\/producto\/banco-funcional-verona\/","title":{"rendered":"Banco Funcional Verona"},"content":{"rendered":"<p>El Banco funcional Verona Tramontina en madera de teca con acabado en barniz incoloro es una pieza ligera de dise\u00f1o diferenciado, moderno y sofisticado. Adem\u00e1s de belleza, ofrecer\u00e1 practicidad para tu vida diaria, ya que se puede utilizar de otras formas, adem\u00e1s de banco, siendo ideal para soportar objetos decorativos, tanto en interiores como en exteriores.<\/p>\n","protected":false},"excerpt":{"rendered":"<p>El Banco funcional Verona Tramontina en madera de teca con acabado en barniz incoloro es una pieza ligera de dise\u00f1o diferenciado, moderno y sofisticado. Adem\u00e1s de belleza, ofrecer\u00e1 practicidad para tu vida diaria, ya que se puede utilizar de otras formas, adem\u00e1s de banco, siendo ideal para soportar objetos decorativos, tanto en interiores como en exteriores.<\/p>\n","protected":false},"featured_media":10596,"comment_status":"open","ping_status":"closed","template":"","meta":{"_joinchat":[]},"product_brand":[],"product_cat":[62,877,241],"product_tag":[],"accesorios":[],"coleccion":[871],"espacios":[210,212,209],"marca":[224],"material":[228],"class_list":{"0":"post-10595","1":"product","2":"type-product","3":"status-publish","4":"has-post-thumbnail","6":"product_cat-bancos","7":"product_cat-outlet","8":"product_cat-tramontina","9":"coleccion-verona","10":"espacios-comedores","11":"espacios-jardin","12":"espacios-salas","13":"marca-tramontina","14":"material-madera","15":"sales-flash-overlay","16":"woocommerce-text-align-center","17":"woocommerce-image-align-center","18":"wc-has-gallery","20":"first","21":"instock","22":"sale","23":"shipping-taxable","24":"purchasable","25":"product-type-simple"},"_links":{"self":[{"href":"https:\/\/atmosferasmuebles.com\/tienda\/wp-json\/wp\/v2\/product\/10595","targetHints":{"allow":["GET"]}}],"collection":[{"href":"https:\/\/atmosferasmuebles.com\/tienda\/wp-json\/wp\/v2\/product"}],"about":[{"href":"https:\/\/atmosferasmuebles.com\/tienda\/wp-json\/wp\/v2\/types\/product"}],"replies":[{"embeddable":true,"href":"https:\/\/atmosferasmuebles.com\/tienda\/wp-json\/wp\/v2\/comments?post=10595"}],"version-history":[{"count":1,"href":"https:\/\/atmosferasmuebles.com\/tienda\/wp-json\/wp\/v2\/product\/10595\/revisions"}],"predecessor-version":[{"id":10600,"href":"https:\/\/atmosferasmuebles.com\/tienda\/wp-json\/wp\/v2\/product\/10595\/revisions\/10600"}],"wp:featuredmedia":[{"embeddable":true,"href":"https:\/\/atmosferasmuebles.com\/tienda\/wp-json\/wp\/v2\/media\/10596"}],"wp:attachment":[{"href":"https:\/\/atmosferasmuebles.com\/tienda\/wp-json\/wp\/v2\/media?parent=10595"}],"wp:term":[{"taxonomy":"product_brand","embeddable":true,"href":"https:\/\/atmosferasmuebles.com\/tienda\/wp-json\/wp\/v2\/product_brand?post=10595"},{"taxonomy":"product_cat","embeddable":true,"href":"https:\/\/atmosferasmuebles.com\/tienda\/wp-json\/wp\/v2\/product_cat?post=10595"},{"taxonomy":"product_tag","embeddable":true,"href":"https:\/\/atmosferasmuebles.com\/tienda\/wp-json\/wp\/v2\/product_tag?post=10595"},{"taxonomy":"accesorios","embeddable":true,"href":"https:\/\/atmosferasmuebles.com\/tienda\/wp-json\/wp\/v2\/accesorios?post=10595"},{"taxonomy":"coleccion","embeddable":true,"href":"https:\/\/atmosferasmuebles.com\/tienda\/wp-json\/wp\/v2\/coleccion?post=10595"},{"taxonomy":"espacios","embeddable":true,"href":"https:\/\/atmosferasmuebles.com\/tienda\/wp-json\/wp\/v2\/espacios?post=10595"},{"taxonomy":"marca","embeddable":true,"href":"https:\/\/atmosferasmuebles.com\/tienda\/wp-json\/wp\/v2\/marca?post=10595"},{"taxonomy":"material","embeddable":true,"href":"https:\/\/atmosferasmuebles.com\/tienda\/wp-json\/wp\/v2\/material?post=10595"}],"curies":[{"name":"wp","href":"https:\/\/api.w.org\/{rel}","templated":true}]}}