{"id":10588,"date":"2023-11-23T01:22:39","date_gmt":"2023-11-23T01:22:39","guid":{"rendered":"https:\/\/atmosferasmuebles.com\/tienda\/?post_type=product&#038;p=10588"},"modified":"2026-03-09T23:12:30","modified_gmt":"2026-03-09T23:12:30","slug":"mesa-rectangular-de-teca-tramontina-verona","status":"publish","type":"product","link":"https:\/\/atmosferasmuebles.com\/tienda\/producto\/mesa-rectangular-de-teca-tramontina-verona\/","title":{"rendered":"Mesa Rectangular de Teca Tramontina Verona"},"content":{"rendered":"<p>Para aquellos que quieran dar ese toque de belleza a sus ambientes, la elecci\u00f3n acertada es la Mesa Rectangular en Teca Tramontina Verona con Acabado Barniz Transparente de 130 cm. Realizada en madera de Jatob\u00e1 y con un dise\u00f1o diferenciado, la Mesa Rectangular Verona Line aporta versatilidad y practicidad al d\u00eda a d\u00eda. Adem\u00e1s, puedes usarlo al aire libre con Tramontina Ombrelone, ideal para los d\u00edas que requieren sombra adicional.<\/p>\n","protected":false},"excerpt":{"rendered":"<p>Para aquellos que quieran dar ese toque de belleza a sus ambientes, la elecci\u00f3n acertada es la Mesa Rectangular en Teca Tramontina Verona con Acabado Barniz Transparente de 130 cm. Realizada en madera de Jatob\u00e1 y con un dise\u00f1o diferenciado, la Mesa Rectangular Verona Line aporta versatilidad y practicidad al d\u00eda a d\u00eda. Adem\u00e1s, puedes usarlo al aire libre con Tramontina Ombrelone, ideal para los d\u00edas que requieren sombra adicional.<\/p>\n","protected":false},"featured_media":10589,"comment_status":"open","ping_status":"closed","template":"","meta":{"_joinchat":[]},"product_brand":[],"product_cat":[40,26,877,241],"product_tag":[],"accesorios":[],"coleccion":[871],"espacios":[210,212,209],"marca":[224],"material":[228],"class_list":{"0":"post-10588","1":"product","2":"type-product","3":"status-publish","4":"has-post-thumbnail","6":"product_cat-madera","7":"product_cat-mesas","8":"product_cat-outlet","9":"product_cat-tramontina","10":"coleccion-verona","11":"espacios-comedores","12":"espacios-jardin","13":"espacios-salas","14":"marca-tramontina","15":"material-madera","16":"sales-flash-overlay","17":"woocommerce-text-align-center","18":"woocommerce-image-align-center","19":"wc-has-gallery","21":"first","22":"instock","23":"sale","24":"shipping-taxable","25":"purchasable","26":"product-type-simple"},"_links":{"self":[{"href":"https:\/\/atmosferasmuebles.com\/tienda\/wp-json\/wp\/v2\/product\/10588","targetHints":{"allow":["GET"]}}],"collection":[{"href":"https:\/\/atmosferasmuebles.com\/tienda\/wp-json\/wp\/v2\/product"}],"about":[{"href":"https:\/\/atmosferasmuebles.com\/tienda\/wp-json\/wp\/v2\/types\/product"}],"replies":[{"embeddable":true,"href":"https:\/\/atmosferasmuebles.com\/tienda\/wp-json\/wp\/v2\/comments?post=10588"}],"version-history":[{"count":1,"href":"https:\/\/atmosferasmuebles.com\/tienda\/wp-json\/wp\/v2\/product\/10588\/revisions"}],"predecessor-version":[{"id":10593,"href":"https:\/\/atmosferasmuebles.com\/tienda\/wp-json\/wp\/v2\/product\/10588\/revisions\/10593"}],"wp:featuredmedia":[{"embeddable":true,"href":"https:\/\/atmosferasmuebles.com\/tienda\/wp-json\/wp\/v2\/media\/10589"}],"wp:attachment":[{"href":"https:\/\/atmosferasmuebles.com\/tienda\/wp-json\/wp\/v2\/media?parent=10588"}],"wp:term":[{"taxonomy":"product_brand","embeddable":true,"href":"https:\/\/atmosferasmuebles.com\/tienda\/wp-json\/wp\/v2\/product_brand?post=10588"},{"taxonomy":"product_cat","embeddable":true,"href":"https:\/\/atmosferasmuebles.com\/tienda\/wp-json\/wp\/v2\/product_cat?post=10588"},{"taxonomy":"product_tag","embeddable":true,"href":"https:\/\/atmosferasmuebles.com\/tienda\/wp-json\/wp\/v2\/product_tag?post=10588"},{"taxonomy":"accesorios","embeddable":true,"href":"https:\/\/atmosferasmuebles.com\/tienda\/wp-json\/wp\/v2\/accesorios?post=10588"},{"taxonomy":"coleccion","embeddable":true,"href":"https:\/\/atmosferasmuebles.com\/tienda\/wp-json\/wp\/v2\/coleccion?post=10588"},{"taxonomy":"espacios","embeddable":true,"href":"https:\/\/atmosferasmuebles.com\/tienda\/wp-json\/wp\/v2\/espacios?post=10588"},{"taxonomy":"marca","embeddable":true,"href":"https:\/\/atmosferasmuebles.com\/tienda\/wp-json\/wp\/v2\/marca?post=10588"},{"taxonomy":"material","embeddable":true,"href":"https:\/\/atmosferasmuebles.com\/tienda\/wp-json\/wp\/v2\/material?post=10588"}],"curies":[{"name":"wp","href":"https:\/\/api.w.org\/{rel}","templated":true}]}}