{"id":10585,"date":"2023-11-23T01:22:05","date_gmt":"2023-11-23T01:22:05","guid":{"rendered":"https:\/\/atmosferasmuebles.com\/tienda\/?post_type=product&#038;p=10585"},"modified":"2026-03-09T23:12:30","modified_gmt":"2026-03-09T23:12:30","slug":"silla-tramontina-verona","status":"publish","type":"product","link":"https:\/\/atmosferasmuebles.com\/tienda\/producto\/silla-tramontina-verona\/","title":{"rendered":"Silla Tramontina Verona"},"content":{"rendered":"<p>La l\u00ednea Verona trae muebles creados para crear espacios multifuncionales. Art\u00edculos vers\u00e1tiles que conforman ambientes interiores y exteriores. Aporta practicidad y dise\u00f1o a tus ambientes con la silla Tramonitna Verona en madera de teca con acabado barnizado.<\/p>\n","protected":false},"excerpt":{"rendered":"<p>La l\u00ednea Verona trae muebles creados para crear espacios multifuncionales. Art\u00edculos vers\u00e1tiles que conforman ambientes interiores y exteriores. Aporta practicidad y dise\u00f1o a tus ambientes con la silla Tramonitna Verona en madera de teca con acabado barnizado.<\/p>\n","protected":false},"featured_media":10586,"comment_status":"open","ping_status":"closed","template":"","meta":{"_joinchat":[]},"product_brand":[],"product_cat":[877,60,241],"product_tag":[],"accesorios":[],"coleccion":[871],"espacios":[210],"marca":[224],"material":[228],"class_list":{"0":"post-10585","1":"product","2":"type-product","3":"status-publish","4":"has-post-thumbnail","6":"product_cat-outlet","7":"product_cat-sillas","8":"product_cat-tramontina","9":"coleccion-verona","10":"espacios-comedores","11":"marca-tramontina","12":"material-madera","13":"sales-flash-overlay","14":"woocommerce-text-align-center","15":"woocommerce-image-align-center","17":"first","18":"instock","19":"sale","20":"shipping-taxable","21":"purchasable","22":"product-type-simple"},"_links":{"self":[{"href":"https:\/\/atmosferasmuebles.com\/tienda\/wp-json\/wp\/v2\/product\/10585","targetHints":{"allow":["GET"]}}],"collection":[{"href":"https:\/\/atmosferasmuebles.com\/tienda\/wp-json\/wp\/v2\/product"}],"about":[{"href":"https:\/\/atmosferasmuebles.com\/tienda\/wp-json\/wp\/v2\/types\/product"}],"replies":[{"embeddable":true,"href":"https:\/\/atmosferasmuebles.com\/tienda\/wp-json\/wp\/v2\/comments?post=10585"}],"version-history":[{"count":1,"href":"https:\/\/atmosferasmuebles.com\/tienda\/wp-json\/wp\/v2\/product\/10585\/revisions"}],"predecessor-version":[{"id":10587,"href":"https:\/\/atmosferasmuebles.com\/tienda\/wp-json\/wp\/v2\/product\/10585\/revisions\/10587"}],"wp:featuredmedia":[{"embeddable":true,"href":"https:\/\/atmosferasmuebles.com\/tienda\/wp-json\/wp\/v2\/media\/10586"}],"wp:attachment":[{"href":"https:\/\/atmosferasmuebles.com\/tienda\/wp-json\/wp\/v2\/media?parent=10585"}],"wp:term":[{"taxonomy":"product_brand","embeddable":true,"href":"https:\/\/atmosferasmuebles.com\/tienda\/wp-json\/wp\/v2\/product_brand?post=10585"},{"taxonomy":"product_cat","embeddable":true,"href":"https:\/\/atmosferasmuebles.com\/tienda\/wp-json\/wp\/v2\/product_cat?post=10585"},{"taxonomy":"product_tag","embeddable":true,"href":"https:\/\/atmosferasmuebles.com\/tienda\/wp-json\/wp\/v2\/product_tag?post=10585"},{"taxonomy":"accesorios","embeddable":true,"href":"https:\/\/atmosferasmuebles.com\/tienda\/wp-json\/wp\/v2\/accesorios?post=10585"},{"taxonomy":"coleccion","embeddable":true,"href":"https:\/\/atmosferasmuebles.com\/tienda\/wp-json\/wp\/v2\/coleccion?post=10585"},{"taxonomy":"espacios","embeddable":true,"href":"https:\/\/atmosferasmuebles.com\/tienda\/wp-json\/wp\/v2\/espacios?post=10585"},{"taxonomy":"marca","embeddable":true,"href":"https:\/\/atmosferasmuebles.com\/tienda\/wp-json\/wp\/v2\/marca?post=10585"},{"taxonomy":"material","embeddable":true,"href":"https:\/\/atmosferasmuebles.com\/tienda\/wp-json\/wp\/v2\/material?post=10585"}],"curies":[{"name":"wp","href":"https:\/\/api.w.org\/{rel}","templated":true}]}}