{"id":1047,"date":"2021-04-06T23:43:51","date_gmt":"2021-04-06T23:43:51","guid":{"rendered":"http:\/\/atmosferasmuebles.com\/tienda\/?post_type=product&#038;p=1047"},"modified":"2026-01-25T03:35:18","modified_gmt":"2026-01-25T03:35:18","slug":"mesa-rectangular-bunbury","status":"publish","type":"product","link":"https:\/\/atmosferasmuebles.com\/tienda\/producto\/mesa-rectangular-bunbury\/","title":{"rendered":"Mesa Rectangular Bunbury"},"content":{"rendered":"<p>Mesa Rectangular Bunbury para exteriores con dise\u00f1o tradicional est\u00e1 fabricada de madera Ipe robusta.<\/p>\n<p>La madera Ipe es preciada por su belleza y durabilidad en cualquier entorno, adem\u00e1s de tener sorprendentemente y hermosos tonos marr\u00f3n chocolate que realzan cualquier decoraci\u00f3n con un estilo atemporal.<\/p>\n<p><strong>Encuentra las sillas perfectas de Ipe para completar tu comedor.<\/strong><\/p>\n","protected":false},"excerpt":{"rendered":"<p>Mesa Rectangular Bunbury para exteriores tiene capacidad para 8 personas c\u00f3modamente y es ideal para esos desayunos o comidas al exterior.<\/p>\n<p>Fabricada en madera duradera de Ipe una madera apreciada por su belleza y durabilidad en cualquier entorno.<\/p>\n<p>&nbsp;<\/p>\n<p><strong>Combina f\u00e1cilmente con cualquier tipo de silla o sill\u00f3n ya sea de madera Ipe o combinada con madera y tela.<\/strong><\/p>\n<p><a href=\"http:\/\/atmosferasmuebles.com\/tienda\/producto\/mesa-rectangular-beechworth\/\"><img decoding=\"async\" class=\"alignnone wp-image-1328\" src=\"http:\/\/atmosferasmuebles.com\/tienda\/wp-content\/uploads\/sites\/4\/2021\/04\/banca-amber.jpg\" alt=\"\" width=\"135\" height=\"109\" \/><img decoding=\"async\" class=\"alignnone  wp-image-1344\" src=\"http:\/\/atmosferasmuebles.com\/tienda\/wp-content\/uploads\/sites\/4\/2021\/04\/mesa-rectangular-beechworth-1.jpg\" alt=\"\" width=\"200\" height=\"110\" \/><\/a><img decoding=\"async\" class=\"alignnone size-full wp-image-1332\" src=\"http:\/\/atmosferasmuebles.com\/tienda\/wp-content\/uploads\/sites\/4\/2021\/04\/banca-backless-amber.jpg\" alt=\"\" width=\"200\" height=\"133\" \/><\/p>\n","protected":false},"featured_media":1048,"comment_status":"closed","ping_status":"closed","template":"","meta":{"_joinchat":[]},"product_brand":[],"product_cat":[61,41,40,26,17],"product_tag":[],"accesorios":[],"coleccion":[],"espacios":[210],"marca":[216],"material":[228],"class_list":{"0":"post-1047","1":"product","2":"type-product","3":"status-publish","4":"has-post-thumbnail","6":"product_cat-comedor","7":"product_cat-jensen-leisure","8":"product_cat-madera","9":"product_cat-mesas","10":"product_cat-muebles-de-exterior","11":"espacios-comedores","12":"marca-jensen","13":"material-madera","14":"sales-flash-overlay","15":"woocommerce-text-align-center","16":"woocommerce-image-align-center","17":"wc-has-gallery","19":"first","20":"instock","21":"shipping-taxable","22":"purchasable","23":"product-type-simple"},"_links":{"self":[{"href":"https:\/\/atmosferasmuebles.com\/tienda\/wp-json\/wp\/v2\/product\/1047","targetHints":{"allow":["GET"]}}],"collection":[{"href":"https:\/\/atmosferasmuebles.com\/tienda\/wp-json\/wp\/v2\/product"}],"about":[{"href":"https:\/\/atmosferasmuebles.com\/tienda\/wp-json\/wp\/v2\/types\/product"}],"replies":[{"embeddable":true,"href":"https:\/\/atmosferasmuebles.com\/tienda\/wp-json\/wp\/v2\/comments?post=1047"}],"version-history":[{"count":1,"href":"https:\/\/atmosferasmuebles.com\/tienda\/wp-json\/wp\/v2\/product\/1047\/revisions"}],"predecessor-version":[{"id":25237,"href":"https:\/\/atmosferasmuebles.com\/tienda\/wp-json\/wp\/v2\/product\/1047\/revisions\/25237"}],"wp:featuredmedia":[{"embeddable":true,"href":"https:\/\/atmosferasmuebles.com\/tienda\/wp-json\/wp\/v2\/media\/1048"}],"wp:attachment":[{"href":"https:\/\/atmosferasmuebles.com\/tienda\/wp-json\/wp\/v2\/media?parent=1047"}],"wp:term":[{"taxonomy":"product_brand","embeddable":true,"href":"https:\/\/atmosferasmuebles.com\/tienda\/wp-json\/wp\/v2\/product_brand?post=1047"},{"taxonomy":"product_cat","embeddable":true,"href":"https:\/\/atmosferasmuebles.com\/tienda\/wp-json\/wp\/v2\/product_cat?post=1047"},{"taxonomy":"product_tag","embeddable":true,"href":"https:\/\/atmosferasmuebles.com\/tienda\/wp-json\/wp\/v2\/product_tag?post=1047"},{"taxonomy":"accesorios","embeddable":true,"href":"https:\/\/atmosferasmuebles.com\/tienda\/wp-json\/wp\/v2\/accesorios?post=1047"},{"taxonomy":"coleccion","embeddable":true,"href":"https:\/\/atmosferasmuebles.com\/tienda\/wp-json\/wp\/v2\/coleccion?post=1047"},{"taxonomy":"espacios","embeddable":true,"href":"https:\/\/atmosferasmuebles.com\/tienda\/wp-json\/wp\/v2\/espacios?post=1047"},{"taxonomy":"marca","embeddable":true,"href":"https:\/\/atmosferasmuebles.com\/tienda\/wp-json\/wp\/v2\/marca?post=1047"},{"taxonomy":"material","embeddable":true,"href":"https:\/\/atmosferasmuebles.com\/tienda\/wp-json\/wp\/v2\/material?post=1047"}],"curies":[{"name":"wp","href":"https:\/\/api.w.org\/{rel}","templated":true}]}}