{"id":1026,"date":"2021-04-06T21:54:28","date_gmt":"2021-04-06T21:54:28","guid":{"rendered":"http:\/\/atmosferasmuebles.com\/tienda\/?post_type=product&#038;p=1026"},"modified":"2026-02-10T19:20:13","modified_gmt":"2026-02-10T19:20:13","slug":"sillon-monaco","status":"publish","type":"product","link":"https:\/\/atmosferasmuebles.com\/tienda\/producto\/sillon-monaco\/","title":{"rendered":"Sill\u00f3n M\u00f3naco"},"content":{"rendered":"<p>El Sill\u00f3n M\u00d3NACO es una excelente opci\u00f3n para espacios al aire libre como terrazas, jardines, bares y restaurantes. Su estructura de aluminio proporciona ligereza y resistencia, mientras que el asiento y respaldo est\u00e1n fabricados en tela microperforada Phifertex\u00ae, ideal para exterior.<br \/>Phifertex\u00ae es un tejido desarrollado por PHIFER\u00ae, empresa pionera en textiles t\u00e9cnicos para exterior, elaborado con hilado de poli\u00e9ster recubierto de PVC, lo que le brinda resistencia al sol, al moho y a la decoloraci\u00f3n.<br \/>Gracias a su dise\u00f1o apilable, permite ahorrar espacio cuando no est\u00e1 en uso. Adem\u00e1s, cuenta con tacos antideslizantes que garantizan mayor estabilidad sobre diferentes superficies.<\/p>\n<p>Disponible en color taup\u00e9. Combina estilo, resistencia y funcionalidad para proyectos residenciales o contract.<\/p>\n","protected":false},"excerpt":{"rendered":"<p>Sill\u00f3n M\u00d3NACO para exteriores, apilable y resistente. Estructura de aluminio con asiento y respaldo en tela Phifertex\u00ae. Ideal para terrazas, jardines y restaurantes.<\/p>\n","protected":false},"featured_media":1027,"comment_status":"open","ping_status":"closed","template":"","meta":{"_joinchat":[]},"product_brand":[],"product_cat":[19,61,16,23,17],"product_tag":[],"accesorios":[],"coleccion":[980],"espacios":[210,212],"marca":[214],"material":[232,234,233],"class_list":{"0":"post-1026","1":"product","2":"type-product","3":"status-publish","4":"has-post-thumbnail","6":"product_cat-cinta-o-tela-para-exterior","7":"product_cat-comedor","8":"product_cat-ezpeleta","9":"product_cat-metal","10":"product_cat-muebles-de-exterior","11":"coleccion-ezpeleta","12":"espacios-comedores","13":"espacios-jardin","14":"marca-ezpeleta","15":"material-aluminio","16":"material-resina","17":"material-textil","18":"sales-flash-overlay","19":"woocommerce-text-align-center","20":"woocommerce-image-align-center","21":"wc-has-gallery","23":"first","24":"instock","25":"shipping-taxable","26":"purchasable","27":"product-type-variable"},"_links":{"self":[{"href":"https:\/\/atmosferasmuebles.com\/tienda\/wp-json\/wp\/v2\/product\/1026","targetHints":{"allow":["GET"]}}],"collection":[{"href":"https:\/\/atmosferasmuebles.com\/tienda\/wp-json\/wp\/v2\/product"}],"about":[{"href":"https:\/\/atmosferasmuebles.com\/tienda\/wp-json\/wp\/v2\/types\/product"}],"replies":[{"embeddable":true,"href":"https:\/\/atmosferasmuebles.com\/tienda\/wp-json\/wp\/v2\/comments?post=1026"}],"version-history":[{"count":2,"href":"https:\/\/atmosferasmuebles.com\/tienda\/wp-json\/wp\/v2\/product\/1026\/revisions"}],"predecessor-version":[{"id":18187,"href":"https:\/\/atmosferasmuebles.com\/tienda\/wp-json\/wp\/v2\/product\/1026\/revisions\/18187"}],"wp:featuredmedia":[{"embeddable":true,"href":"https:\/\/atmosferasmuebles.com\/tienda\/wp-json\/wp\/v2\/media\/1027"}],"wp:attachment":[{"href":"https:\/\/atmosferasmuebles.com\/tienda\/wp-json\/wp\/v2\/media?parent=1026"}],"wp:term":[{"taxonomy":"product_brand","embeddable":true,"href":"https:\/\/atmosferasmuebles.com\/tienda\/wp-json\/wp\/v2\/product_brand?post=1026"},{"taxonomy":"product_cat","embeddable":true,"href":"https:\/\/atmosferasmuebles.com\/tienda\/wp-json\/wp\/v2\/product_cat?post=1026"},{"taxonomy":"product_tag","embeddable":true,"href":"https:\/\/atmosferasmuebles.com\/tienda\/wp-json\/wp\/v2\/product_tag?post=1026"},{"taxonomy":"accesorios","embeddable":true,"href":"https:\/\/atmosferasmuebles.com\/tienda\/wp-json\/wp\/v2\/accesorios?post=1026"},{"taxonomy":"coleccion","embeddable":true,"href":"https:\/\/atmosferasmuebles.com\/tienda\/wp-json\/wp\/v2\/coleccion?post=1026"},{"taxonomy":"espacios","embeddable":true,"href":"https:\/\/atmosferasmuebles.com\/tienda\/wp-json\/wp\/v2\/espacios?post=1026"},{"taxonomy":"marca","embeddable":true,"href":"https:\/\/atmosferasmuebles.com\/tienda\/wp-json\/wp\/v2\/marca?post=1026"},{"taxonomy":"material","embeddable":true,"href":"https:\/\/atmosferasmuebles.com\/tienda\/wp-json\/wp\/v2\/material?post=1026"}],"curies":[{"name":"wp","href":"https:\/\/api.w.org\/{rel}","templated":true}]}}