{"id":10150,"date":"2023-10-13T23:47:16","date_gmt":"2023-10-13T23:47:16","guid":{"rendered":"https:\/\/atmosferasmuebles.com\/tienda\/?post_type=product&#038;p=10150"},"modified":"2026-01-18T22:15:57","modified_gmt":"2026-01-18T22:15:57","slug":"comedor-duo-russ","status":"publish","type":"product","link":"https:\/\/atmosferasmuebles.com\/tienda\/producto\/comedor-duo-russ\/","title":{"rendered":"Comedor Duo Russ"},"content":{"rendered":"<p>Las mesas Duo Russ est\u00e1n inspiradas en el estilo n\u00f3rdico, son fabricadas en una estructura resistente y ofrecen diferentes alturas para su uso como comedor (DT), mesa de centro (CT) o la altura para combinar con los sillones (RT). Son durables y elegantes, y usarlas hace muy sencillo el dar el toque distintivo a lugares como su sal\u00f3n, restaurantes, cafeter\u00edas o su jard\u00edn. El cristal templado est\u00e1 disponible a su elecci\u00f3n para darle el toque formal a la mesa. El material con que se fabrican es polipropileno de alta calidad, en terminado tipo rattan, para brindar una belleza de artesan\u00eda tradicional, con nueva actitud de dise\u00f1o.<\/p>\n","protected":false},"excerpt":{"rendered":"<p>Las mesas Duo Russ est\u00e1n inspiradas en el estilo n\u00f3rdico, son fabricadas en una estructura resistente y ofrecen diferentes alturas para su uso como comedor (DT), mesa de centro (CT) o la altura para combinar con los sillones (RT). Son durables y elegantes, y usarlas hace muy sencillo el dar el toque distintivo a lugares como su sal\u00f3n, restaurantes, cafeter\u00edas o su jard\u00edn. El cristal templado est\u00e1 disponible a su elecci\u00f3n para darle el toque formal a la mesa. El material con que se fabrican es polipropileno de alta calidad, en terminado tipo rattan, para brindar una belleza de artesan\u00eda tradicional, con nueva actitud de dise\u00f1o.<\/p>\n","protected":false},"featured_media":10085,"comment_status":"open","ping_status":"closed","template":"","meta":{"_joinchat":[]},"product_brand":[],"product_cat":[1173,15],"product_tag":[],"accesorios":[],"coleccion":[],"espacios":[210],"marca":[225],"material":[231,234],"class_list":{"0":"post-10150","1":"product","2":"type-product","3":"status-publish","4":"has-post-thumbnail","6":"product_cat-mesa-comedor","7":"product_cat-sin-categorizar","8":"espacios-comedores","9":"marca-lagoon","10":"material-acero","11":"material-resina","12":"sales-flash-overlay","13":"woocommerce-text-align-center","14":"woocommerce-image-align-center","15":"wc-has-gallery","17":"first","18":"instock","19":"shipping-taxable","20":"purchasable","21":"product-type-variable"},"_links":{"self":[{"href":"https:\/\/atmosferasmuebles.com\/tienda\/wp-json\/wp\/v2\/product\/10150","targetHints":{"allow":["GET"]}}],"collection":[{"href":"https:\/\/atmosferasmuebles.com\/tienda\/wp-json\/wp\/v2\/product"}],"about":[{"href":"https:\/\/atmosferasmuebles.com\/tienda\/wp-json\/wp\/v2\/types\/product"}],"replies":[{"embeddable":true,"href":"https:\/\/atmosferasmuebles.com\/tienda\/wp-json\/wp\/v2\/comments?post=10150"}],"version-history":[{"count":1,"href":"https:\/\/atmosferasmuebles.com\/tienda\/wp-json\/wp\/v2\/product\/10150\/revisions"}],"predecessor-version":[{"id":10155,"href":"https:\/\/atmosferasmuebles.com\/tienda\/wp-json\/wp\/v2\/product\/10150\/revisions\/10155"}],"wp:featuredmedia":[{"embeddable":true,"href":"https:\/\/atmosferasmuebles.com\/tienda\/wp-json\/wp\/v2\/media\/10085"}],"wp:attachment":[{"href":"https:\/\/atmosferasmuebles.com\/tienda\/wp-json\/wp\/v2\/media?parent=10150"}],"wp:term":[{"taxonomy":"product_brand","embeddable":true,"href":"https:\/\/atmosferasmuebles.com\/tienda\/wp-json\/wp\/v2\/product_brand?post=10150"},{"taxonomy":"product_cat","embeddable":true,"href":"https:\/\/atmosferasmuebles.com\/tienda\/wp-json\/wp\/v2\/product_cat?post=10150"},{"taxonomy":"product_tag","embeddable":true,"href":"https:\/\/atmosferasmuebles.com\/tienda\/wp-json\/wp\/v2\/product_tag?post=10150"},{"taxonomy":"accesorios","embeddable":true,"href":"https:\/\/atmosferasmuebles.com\/tienda\/wp-json\/wp\/v2\/accesorios?post=10150"},{"taxonomy":"coleccion","embeddable":true,"href":"https:\/\/atmosferasmuebles.com\/tienda\/wp-json\/wp\/v2\/coleccion?post=10150"},{"taxonomy":"espacios","embeddable":true,"href":"https:\/\/atmosferasmuebles.com\/tienda\/wp-json\/wp\/v2\/espacios?post=10150"},{"taxonomy":"marca","embeddable":true,"href":"https:\/\/atmosferasmuebles.com\/tienda\/wp-json\/wp\/v2\/marca?post=10150"},{"taxonomy":"material","embeddable":true,"href":"https:\/\/atmosferasmuebles.com\/tienda\/wp-json\/wp\/v2\/material?post=10150"}],"curies":[{"name":"wp","href":"https:\/\/api.w.org\/{rel}","templated":true}]}}