{"id":1011,"date":"2021-04-06T21:39:46","date_gmt":"2021-04-06T21:39:46","guid":{"rendered":"http:\/\/atmosferasmuebles.com\/tienda\/?post_type=product&#038;p=1011"},"modified":"2026-02-10T19:20:13","modified_gmt":"2026-02-10T19:20:13","slug":"silla-hall","status":"publish","type":"product","link":"https:\/\/atmosferasmuebles.com\/tienda\/producto\/silla-hall\/","title":{"rendered":"Silla Hall"},"content":{"rendered":"<p>El Sill\u00f3n o Silla HALL es una excelente opci\u00f3n para exteriores gracias a su dise\u00f1o funcional y su estructura resistente. Fabricada en polipropileno reforzado con fibra de vidrio mediante inyecci\u00f3n por gas, es ideal para espacios abiertos como terrazas, jardines, patios o zonas comerciales.<br \/>Su dise\u00f1o apilable permite un almacenamiento pr\u00e1ctico incluso en \u00e1reas reducidas, mientras que sus tacos antideslizantes brindan mayor estabilidad en distintas superficies.<br \/>Es ligera, f\u00e1cil de mover y muy sencilla de limpiar, lo que la hace perfecta tanto para uso residencial como intensivo.<\/p>\n<p>Disponible en 4 colores para adaptarse a tu espacio.<\/p>\n","protected":false},"excerpt":{"rendered":"<p>Sill\u00f3n HALL para exteriores, apilable y resistente. Hecho de polipropileno con fibra de vidrio y tacos antideslizantes. Disponible en 4 colores.<\/p>\n","protected":false},"featured_media":1018,"comment_status":"open","ping_status":"closed","template":"","meta":{"_joinchat":[]},"product_brand":[],"product_cat":[61,16,17,59,60],"product_tag":[],"accesorios":[],"coleccion":[],"espacios":[210,212],"marca":[214],"material":[234],"class_list":{"0":"post-1011","1":"product","2":"type-product","3":"status-publish","4":"has-post-thumbnail","6":"product_cat-comedor","7":"product_cat-ezpeleta","8":"product_cat-muebles-de-exterior","9":"product_cat-resina","10":"product_cat-sillas","11":"espacios-comedores","12":"espacios-jardin","13":"marca-ezpeleta","14":"material-resina","15":"sales-flash-overlay","16":"woocommerce-text-align-center","17":"woocommerce-image-align-center","18":"wc-has-gallery","20":"first","21":"instock","22":"shipping-taxable","23":"purchasable","24":"product-type-variable"},"_links":{"self":[{"href":"https:\/\/atmosferasmuebles.com\/tienda\/wp-json\/wp\/v2\/product\/1011","targetHints":{"allow":["GET"]}}],"collection":[{"href":"https:\/\/atmosferasmuebles.com\/tienda\/wp-json\/wp\/v2\/product"}],"about":[{"href":"https:\/\/atmosferasmuebles.com\/tienda\/wp-json\/wp\/v2\/types\/product"}],"replies":[{"embeddable":true,"href":"https:\/\/atmosferasmuebles.com\/tienda\/wp-json\/wp\/v2\/comments?post=1011"}],"version-history":[{"count":2,"href":"https:\/\/atmosferasmuebles.com\/tienda\/wp-json\/wp\/v2\/product\/1011\/revisions"}],"predecessor-version":[{"id":18186,"href":"https:\/\/atmosferasmuebles.com\/tienda\/wp-json\/wp\/v2\/product\/1011\/revisions\/18186"}],"wp:featuredmedia":[{"embeddable":true,"href":"https:\/\/atmosferasmuebles.com\/tienda\/wp-json\/wp\/v2\/media\/1018"}],"wp:attachment":[{"href":"https:\/\/atmosferasmuebles.com\/tienda\/wp-json\/wp\/v2\/media?parent=1011"}],"wp:term":[{"taxonomy":"product_brand","embeddable":true,"href":"https:\/\/atmosferasmuebles.com\/tienda\/wp-json\/wp\/v2\/product_brand?post=1011"},{"taxonomy":"product_cat","embeddable":true,"href":"https:\/\/atmosferasmuebles.com\/tienda\/wp-json\/wp\/v2\/product_cat?post=1011"},{"taxonomy":"product_tag","embeddable":true,"href":"https:\/\/atmosferasmuebles.com\/tienda\/wp-json\/wp\/v2\/product_tag?post=1011"},{"taxonomy":"accesorios","embeddable":true,"href":"https:\/\/atmosferasmuebles.com\/tienda\/wp-json\/wp\/v2\/accesorios?post=1011"},{"taxonomy":"coleccion","embeddable":true,"href":"https:\/\/atmosferasmuebles.com\/tienda\/wp-json\/wp\/v2\/coleccion?post=1011"},{"taxonomy":"espacios","embeddable":true,"href":"https:\/\/atmosferasmuebles.com\/tienda\/wp-json\/wp\/v2\/espacios?post=1011"},{"taxonomy":"marca","embeddable":true,"href":"https:\/\/atmosferasmuebles.com\/tienda\/wp-json\/wp\/v2\/marca?post=1011"},{"taxonomy":"material","embeddable":true,"href":"https:\/\/atmosferasmuebles.com\/tienda\/wp-json\/wp\/v2\/material?post=1011"}],"curies":[{"name":"wp","href":"https:\/\/api.w.org\/{rel}","templated":true}]}}