{"id":10004,"date":"2023-10-12T18:15:38","date_gmt":"2023-10-12T18:15:38","guid":{"rendered":"https:\/\/atmosferasmuebles.com\/tienda\/?post_type=product&#038;p=10004"},"modified":"2026-02-10T19:20:00","modified_gmt":"2026-02-10T19:20:00","slug":"asiento-adicional-laurel","status":"publish","type":"product","link":"https:\/\/atmosferasmuebles.com\/tienda\/producto\/asiento-adicional-laurel\/","title":{"rendered":"Asiento Adicional Laurel"},"content":{"rendered":"<p data-start=\"525\" data-end=\"795\">El sof\u00e1 Laurel refleja la elegancia de la naturaleza a trav\u00e9s de un dise\u00f1o inspirado en las ramas y hojas del laurel. Su forma fluida y envolvente genera una sensaci\u00f3n de armon\u00eda visual, ideal para quienes buscan un mueble con esencia natural y estilo contempor\u00e1neo.<\/p>\n<p data-start=\"797\" data-end=\"1029\">Gracias a su est\u00e9tica n\u00f3rdica, se adapta con facilidad a cualquier entorno, ya sea interior o exterior. Adem\u00e1s, su asiento ajustable permite modificar su configuraci\u00f3n para lograr mayor comodidad, seg\u00fan la ocasi\u00f3n o preferencia.<\/p>\n<p data-start=\"1031\" data-end=\"1200\">Con el sof\u00e1 Laurel, formas naturales, funcionalidad y dise\u00f1o moderno se unen en una sola pieza que transforma cualquier espacio en un lugar de descanso con personalidad.<\/p>\n","protected":false},"excerpt":{"rendered":"<p data-start=\"200\" data-end=\"473\">El sof\u00e1 Laurel est\u00e1 inspirado en las formas de las ramas y hojas del laurel. Su dise\u00f1o org\u00e1nico y estilo n\u00f3rdico lo hacen perfecto para interiores y exteriores. Adem\u00e1s de ser visualmente atractivo, permite ajustar la forma del asiento para mayor confort y flexibilidad.<\/p>\n","protected":false},"featured_media":14596,"comment_status":"open","ping_status":"closed","template":"","meta":{"_joinchat":[]},"product_brand":[],"product_cat":[819,706,270,259,17,59,98,22,310,69],"product_tag":[],"accesorios":[],"coleccion":[820],"espacios":[212,209],"marca":[225],"material":[989,234],"class_list":{"0":"post-10004","1":"product","2":"type-product","3":"status-publish","4":"has-post-thumbnail","6":"product_cat-coleccion-laurel","7":"product_cat-exterior","8":"product_cat-interior","9":"product_cat-lagoon","10":"product_cat-muebles-de-exterior","11":"product_cat-resina","12":"product_cat-salas","13":"product_cat-sillones","14":"product_cat-sillones-interior","15":"product_cat-tela-para-exterior","16":"coleccion-laurel","17":"espacios-jardin","18":"espacios-salas","19":"marca-lagoon","20":"material-fibra-de-vidrio","21":"material-resina","22":"sales-flash-overlay","23":"woocommerce-text-align-center","24":"woocommerce-image-align-center","25":"wc-has-gallery","27":"first","28":"instock","29":"shipping-taxable","30":"purchasable","31":"product-type-variable"},"_links":{"self":[{"href":"https:\/\/atmosferasmuebles.com\/tienda\/wp-json\/wp\/v2\/product\/10004","targetHints":{"allow":["GET"]}}],"collection":[{"href":"https:\/\/atmosferasmuebles.com\/tienda\/wp-json\/wp\/v2\/product"}],"about":[{"href":"https:\/\/atmosferasmuebles.com\/tienda\/wp-json\/wp\/v2\/types\/product"}],"replies":[{"embeddable":true,"href":"https:\/\/atmosferasmuebles.com\/tienda\/wp-json\/wp\/v2\/comments?post=10004"}],"version-history":[{"count":3,"href":"https:\/\/atmosferasmuebles.com\/tienda\/wp-json\/wp\/v2\/product\/10004\/revisions"}],"predecessor-version":[{"id":14601,"href":"https:\/\/atmosferasmuebles.com\/tienda\/wp-json\/wp\/v2\/product\/10004\/revisions\/14601"}],"wp:featuredmedia":[{"embeddable":true,"href":"https:\/\/atmosferasmuebles.com\/tienda\/wp-json\/wp\/v2\/media\/14596"}],"wp:attachment":[{"href":"https:\/\/atmosferasmuebles.com\/tienda\/wp-json\/wp\/v2\/media?parent=10004"}],"wp:term":[{"taxonomy":"product_brand","embeddable":true,"href":"https:\/\/atmosferasmuebles.com\/tienda\/wp-json\/wp\/v2\/product_brand?post=10004"},{"taxonomy":"product_cat","embeddable":true,"href":"https:\/\/atmosferasmuebles.com\/tienda\/wp-json\/wp\/v2\/product_cat?post=10004"},{"taxonomy":"product_tag","embeddable":true,"href":"https:\/\/atmosferasmuebles.com\/tienda\/wp-json\/wp\/v2\/product_tag?post=10004"},{"taxonomy":"accesorios","embeddable":true,"href":"https:\/\/atmosferasmuebles.com\/tienda\/wp-json\/wp\/v2\/accesorios?post=10004"},{"taxonomy":"coleccion","embeddable":true,"href":"https:\/\/atmosferasmuebles.com\/tienda\/wp-json\/wp\/v2\/coleccion?post=10004"},{"taxonomy":"espacios","embeddable":true,"href":"https:\/\/atmosferasmuebles.com\/tienda\/wp-json\/wp\/v2\/espacios?post=10004"},{"taxonomy":"marca","embeddable":true,"href":"https:\/\/atmosferasmuebles.com\/tienda\/wp-json\/wp\/v2\/marca?post=10004"},{"taxonomy":"material","embeddable":true,"href":"https:\/\/atmosferasmuebles.com\/tienda\/wp-json\/wp\/v2\/material?post=10004"}],"curies":[{"name":"wp","href":"https:\/\/api.w.org\/{rel}","templated":true}]}}